{"id":645,"date":"2016-06-09T07:27:20","date_gmt":"2016-06-09T06:27:20","guid":{"rendered":"http:\/\/civamapicole30.fr\/?page_id=645"},"modified":"2022-09-20T18:29:30","modified_gmt":"2022-09-20T17:29:30","slug":"sos-essaim-dabeilles","status":"publish","type":"page","link":"https:\/\/civamapicole30.fr\/index.php\/sos-essaim-dabeilles\/","title":{"rendered":"SOS ABEILLES, ESSAIM"},"content":{"rendered":"<div>\u00a0Il arrive au printemps, qu&#8217;une partie de la population d&#8217;une ruche la quitte, pour aller fonder une nouvelle colonie ailleurs.<\/div>\n<div>L&#8217;essaim ainsi constitu\u00e9 cherche un emplacement parfois dans votre jardin, votre chemin\u00e9e, derri\u00e8re des volets.<\/div>\n<div>Pour les non-apiculteurs c&#8217;est un voisinage peu appr\u00e9ci\u00e9. Les abeilles appartiennent \u00e0 une esp\u00e8ce prot\u00e9g\u00e9e par la loi.<\/div>\n<div>Les pompiers n&#8217;ont pas le droit de les d\u00e9truire. La seule solution est donc de faire appel \u00e0 un apiculteur.<\/div>\n<div>Les abeilles qui viennent d&#8217;essaimer sont tr\u00e8s douces, elles se sont gorg\u00e9es de miel pour le voyage.<\/div>\n<p style=\"text-align: center;\"><strong><span style=\"color: #ff6600;\">Pour trouver un apiculteur pr\u00e9s de chez vous <\/span><span style=\"color: #ff6600;\">volontaire et susceptible de r\u00e9colter un essaim<\/span><\/strong><\/p>\n<h3 style=\"text-align: center;\"><a style=\"font-size: 1rem; text-align: left;\" href=\"http:\/\/sos-essaim.com\/index.php?departement=30\"><img data-recalc-dims=\"1\" loading=\"lazy\" decoding=\"async\" data-attachment-id=\"4134\" data-permalink=\"https:\/\/civamapicole30.fr\/index.php\/sos-essaim-dabeilles\/essaim\/\" data-orig-file=\"https:\/\/i0.wp.com\/civamapicole30.fr\/wp-content\/uploads\/2022\/09\/essaim.webp?fit=288%2C380&amp;ssl=1\" data-orig-size=\"288,380\" data-comments-opened=\"0\" data-image-meta=\"{&quot;aperture&quot;:&quot;0&quot;,&quot;credit&quot;:&quot;&quot;,&quot;camera&quot;:&quot;&quot;,&quot;caption&quot;:&quot;&quot;,&quot;created_timestamp&quot;:&quot;0&quot;,&quot;copyright&quot;:&quot;&quot;,&quot;focal_length&quot;:&quot;0&quot;,&quot;iso&quot;:&quot;0&quot;,&quot;shutter_speed&quot;:&quot;0&quot;,&quot;title&quot;:&quot;&quot;,&quot;orientation&quot;:&quot;0&quot;}\" data-image-title=\"essaim\" data-image-description=\"\" data-image-caption=\"\" data-large-file=\"https:\/\/i0.wp.com\/civamapicole30.fr\/wp-content\/uploads\/2022\/09\/essaim.webp?fit=288%2C380&amp;ssl=1\" class=\"wp-image-4134 aligncenter\" src=\"https:\/\/i0.wp.com\/civamapicole30.fr\/wp-content\/uploads\/2022\/09\/essaim.webp?resize=80%2C125\" alt=\"\" width=\"80\" height=\"125\" \/><\/a><\/h3>\n<h3 style=\"text-align: center;\"><strong><span style=\"color: #ff6600;\">Pour Les apiculteurs qui veulent\u00a0faire partie des cueilleurs et s&#8217;inscrire<\/span><\/strong> \u00a0<a href=\"http:\/\/www.essaim-abeilles.org\/cueilleurs-essaims-gard\/\" target=\"_blank\" rel=\"noopener\">ici<\/a><\/h3>\n<div><\/div>\n<div><\/div>\n<h3><\/h3>\n<div><\/div>\n","protected":false},"excerpt":{"rendered":"<p>\u00a0Il arrive au printemps, qu&#8217;une partie de la population d&#8217;une ruche la quitte, pour aller fonder une nouvelle colonie ailleurs. L&#8217;essaim ainsi constitu\u00e9 cherche un emplacement parfois dans votre jardin, votre chemin\u00e9e, derri\u00e8re des volets. Pour les non-apiculteurs c&#8217;est un voisinage peu appr\u00e9ci\u00e9. Les abeilles appartiennent \u00e0 une esp\u00e8ce prot\u00e9g\u00e9e par la loi. Les pompiers &hellip; <a href=\"https:\/\/civamapicole30.fr\/index.php\/sos-essaim-dabeilles\/\" class=\"more-link\">Continuer la lecture de <span class=\"screen-reader-text\">SOS ABEILLES, ESSAIM<\/span>  <span class=\"meta-nav\">&rarr;<\/span><\/a><\/p>\n","protected":false},"author":1,"featured_media":0,"parent":0,"menu_order":4,"comment_status":"closed","ping_status":"closed","template":"","meta":{"jetpack_post_was_ever_published":false,"footnotes":""},"class_list":["post-645","page","type-page","status-publish","hentry"],"jetpack_sharing_enabled":true,"jetpack_shortlink":"https:\/\/wp.me\/P76iwL-ap","jetpack-related-posts":[{"id":1810,"url":"https:\/\/civamapicole30.fr\/index.php\/sos-essaim-dabeilles\/pour-trouver-un-apiculteur-pres-de-chez-vous\/","url_meta":{"origin":645,"position":0},"title":"Pour trouver un apiculteur pr\u00e9s de chez vous","author":"Sylvette","date":"28 janvier 2017","format":false,"excerpt":"Pour trouver un apiculteur pr\u00e9s de chez vous \u00a0\u00a0cliquer ici\u00a0 Pour Les apiculteurs qui veulent\u00a0faire partie des cueilleurs et s'inscrire\u00a0cliquez ici","rel":"","context":"Article similaire","block_context":{"text":"Article similaire","link":""},"img":{"alt_text":"","src":"","width":0,"height":0},"classes":[]},{"id":4355,"url":"https:\/\/civamapicole30.fr\/index.php\/les-abeilles\/","url_meta":{"origin":645,"position":1},"title":"LES ABEILLES","author":"Sylvette","date":"11 mars 2024","format":false,"excerpt":"","rel":"","context":"Article similaire","block_context":{"text":"Article similaire","link":""},"img":{"alt_text":"Reconnaitre l 'abeille api mellifera","src":"https:\/\/i0.wp.com\/civamapicole30.fr\/wp-content\/uploads\/2024\/04\/IMG-20230515-WA0002-212x300.jpg?resize=350%2C200","width":350,"height":200},"classes":[]},{"id":4202,"url":"https:\/\/civamapicole30.fr\/index.php\/creation-du-cdas\/","url_meta":{"origin":645,"position":2},"title":"Cr\u00e9ation du &#8220;CDAS&#8221;","author":"Sylvette","date":"20 septembre 2022","format":false,"excerpt":"Le \"CDAS\" mais c'est quoi? Le Comit\u00e9 des Anciens Stagiaires Le Civam Apicole du Gard est une structure d'initiation \u00e0 l'apiculture\u00a0 mais c'est aussi un r\u00e9seau de partage de connaissances, d'informations . Les membres du Conseil d\u2019Administration souhaiteraient aussi qu\u2019il soit un lieu d'\u00e9change sur la pratique apicole, l\u2019actualit\u00e9 et\u2026","rel":"","context":"Article similaire","block_context":{"text":"Article similaire","link":""},"img":{"alt_text":"","src":"https:\/\/i0.wp.com\/civamapicole30.fr\/wp-content\/uploads\/2026\/02\/IMG-20240622-WA0000-192x300.jpg?resize=350%2C200","width":350,"height":200},"classes":[]},{"id":35,"url":"https:\/\/civamapicole30.fr\/index.php\/le-civam\/les-statuts-de-lassociation\/","url_meta":{"origin":645,"position":3},"title":"Les statuts de l&#8217;association","author":"CIVAM","date":"17 d\u00e9cembre 2015","format":false,"excerpt":"\u00a0 STATUTS DU CENTRE D'INFORMATION ET DE \u00a0 \u00a0 \u00a0 \u00a0 \u00a0 \u00a0 \u00a0 \u00a0 \u00a0 \u00a0 \u00a0 \u00a0 \u00a0 \u00a0VULGARISATION AGRICOLES ET \u00a0 \u00a0 \u00a0 \u00a0 \u00a0 \u00a0 \u00a0 \u00a0 \u00a0 \u00a0 \u00a0 \u00a0 \u00a0 \u00a0 \u00a0 \u00a0 \u00a0 \u00a0 \u00a0 \u00a0 \u00a0 \u00a0 \u00a0 \u00a0 \u00a0 \u00a0 \u00a0\u2026","rel":"","context":"Article similaire","block_context":{"text":"Article similaire","link":""},"img":{"alt_text":"","src":"","width":0,"height":0},"classes":[]},{"id":46,"url":"https:\/\/civamapicole30.fr\/index.php\/le-civam\/reglement-interieur\/","url_meta":{"origin":645,"position":4},"title":"R\u00e8glement int\u00e9rieur","author":"CIVAM","date":"17 d\u00e9cembre 2015","format":false,"excerpt":"REGLEMENT INTERIEUR CIVAM apicole du GARD Conform\u00e9ment \u00e0 l'article 14 des statuts, ce r\u00e8glement est destin\u00e9 \u00e0 fixer les divers points non pr\u00e9vus par les statuts, notamment ceux qui ont trait \u00e0 l'administration interne de l'Association. Il pr\u00e9cise son mode de fonctionnement et ce, de fa\u00e7on \u00e0 ce que les\u2026","rel":"","context":"Article similaire","block_context":{"text":"Article similaire","link":""},"img":{"alt_text":"","src":"","width":0,"height":0},"classes":[]},{"id":48,"url":"https:\/\/civamapicole30.fr\/","url_meta":{"origin":645,"position":5},"title":"Qui sommes nous ?","author":"CIVAM","date":"17 d\u00e9cembre 2015","format":false,"excerpt":"Les CIVAM (Centres d\u2019initiatives pour valoriser l\u2019agriculture et le milieu rural) sont des groupes d\u2019agriculteurs et de ruraux qui travaillent de mani\u00e8re collective \u00e0 la transition agro\u00e9cologique. Ils constituent un r\u00e9seau de pr\u00e8s de 130 associations qui \u0153uvrent depuis 60 ans pour des campagnes vivantes. La F\u00e9d\u00e9ration R\u00e9gionale des CIVAM\u2026","rel":"","context":"Article similaire","block_context":{"text":"Article similaire","link":""},"img":{"alt_text":"","src":"https:\/\/i0.wp.com\/civamapicole30.fr\/wp-content\/uploads\/2022\/09\/carte-300x249.png?resize=350%2C200","width":350,"height":200},"classes":[]}],"_links":{"self":[{"href":"https:\/\/civamapicole30.fr\/index.php\/wp-json\/wp\/v2\/pages\/645","targetHints":{"allow":["GET"]}}],"collection":[{"href":"https:\/\/civamapicole30.fr\/index.php\/wp-json\/wp\/v2\/pages"}],"about":[{"href":"https:\/\/civamapicole30.fr\/index.php\/wp-json\/wp\/v2\/types\/page"}],"author":[{"embeddable":true,"href":"https:\/\/civamapicole30.fr\/index.php\/wp-json\/wp\/v2\/users\/1"}],"replies":[{"embeddable":true,"href":"https:\/\/civamapicole30.fr\/index.php\/wp-json\/wp\/v2\/comments?post=645"}],"version-history":[{"count":25,"href":"https:\/\/civamapicole30.fr\/index.php\/wp-json\/wp\/v2\/pages\/645\/revisions"}],"predecessor-version":[{"id":4213,"href":"https:\/\/civamapicole30.fr\/index.php\/wp-json\/wp\/v2\/pages\/645\/revisions\/4213"}],"wp:attachment":[{"href":"https:\/\/civamapicole30.fr\/index.php\/wp-json\/wp\/v2\/media?parent=645"}],"curies":[{"name":"wp","href":"https:\/\/api.w.org\/{rel}","templated":true}]}}