{"id":4652,"date":"2026-02-17T15:26:54","date_gmt":"2026-02-17T14:26:54","guid":{"rendered":"https:\/\/civamapicole30.fr\/?page_id=4652"},"modified":"2026-02-17T15:50:21","modified_gmt":"2026-02-17T14:50:21","slug":"inscription-rucher-ecole","status":"publish","type":"page","link":"https:\/\/civamapicole30.fr\/index.php\/rucher-ecole\/inscription-rucher-ecole\/","title":{"rendered":"RENSEIGNEMENT  RUCHER ECOLE"},"content":{"rendered":"<p>INSCRIPTION<\/p>\n<p><code><br \/>\n\n<div class=\"wpcf7 no-js\" id=\"wpcf7-f4649-o1\" lang=\"fr-FR\" dir=\"ltr\">\n<div class=\"screen-reader-response\"><p role=\"status\" aria-live=\"polite\" aria-atomic=\"true\"><\/p> <ul><\/ul><\/div>\n<form action=\"\/index.php\/wp-json\/wp\/v2\/pages\/4652#wpcf7-f4649-o1\" method=\"post\" class=\"wpcf7-form init\" aria-label=\"Formulaire de contact\" novalidate=\"novalidate\" data-status=\"init\">\n<div style=\"display: none;\">\n<input type=\"hidden\" name=\"_wpcf7\" value=\"4649\" \/>\n<input type=\"hidden\" name=\"_wpcf7_version\" value=\"5.9.3\" \/>\n<input type=\"hidden\" name=\"_wpcf7_locale\" value=\"fr_FR\" \/>\n<input type=\"hidden\" name=\"_wpcf7_unit_tag\" value=\"wpcf7-f4649-o1\" \/>\n<input type=\"hidden\" name=\"_wpcf7_container_post\" value=\"0\" \/>\n<input type=\"hidden\" name=\"_wpcf7_posted_data_hash\" value=\"\" \/>\n<\/div>\n<p><label> Votre nom<br \/>\n<span class=\"wpcf7-form-control-wrap\" data-name=\"your-name\"><input size=\"40\" class=\"wpcf7-form-control wpcf7-text wpcf7-validates-as-required\" aria-required=\"true\" aria-invalid=\"false\" value=\"\" type=\"text\" name=\"your-name\" \/><\/span> <\/label>\n<\/p>\n<p><label> Votre pr\u00e9nom<br \/>\n<span class=\"wpcf7-form-control-wrap\" data-name=\"user_first_name\"><input size=\"40\" class=\"wpcf7-form-control wpcf7-text wpcf7-validates-as-required\" aria-required=\"true\" aria-invalid=\"false\" value=\"\" type=\"text\" name=\"user_first_name\" \/><\/span> <\/label>\n<\/p>\n<p><label> Votre e-mail<br \/>\n<span class=\"wpcf7-form-control-wrap\" data-name=\"your-email\"><input size=\"40\" class=\"wpcf7-form-control wpcf7-email wpcf7-validates-as-required wpcf7-text wpcf7-validates-as-email\" aria-required=\"true\" aria-invalid=\"false\" value=\"\" type=\"email\" name=\"your-email\" \/><\/span> <\/label>\n<\/p>\n<p><label> Objet<br \/>\n<span class=\"wpcf7-form-control-wrap\" data-name=\"your-subject\"><input size=\"40\" class=\"wpcf7-form-control wpcf7-text wpcf7-validates-as-required\" aria-required=\"true\" aria-invalid=\"false\" value=\"\" type=\"text\" name=\"your-subject\" \/><\/span> <\/label>\n<\/p>\n<p><label> Votre message<br \/>\n<span class=\"wpcf7-form-control-wrap\" data-name=\"your-message\"><textarea cols=\"40\" rows=\"10\" class=\"wpcf7-form-control wpcf7-textarea\" aria-invalid=\"false\" name=\"your-message\"><\/textarea><\/span> <\/label>\n<\/p>\n<p><input class=\"wpcf7-form-control wpcf7-submit has-spinner\" type=\"submit\" value=\"Envoyer\" \/>\n<\/p><p style=\"display: none !important;\" class=\"akismet-fields-container\" data-prefix=\"_wpcf7_ak_\"><label>&#916;<textarea name=\"_wpcf7_ak_hp_textarea\" cols=\"45\" rows=\"8\" maxlength=\"100\"><\/textarea><\/label><input type=\"hidden\" id=\"ak_js_1\" name=\"_wpcf7_ak_js\" value=\"249\"\/><script>document.getElementById( \"ak_js_1\" ).setAttribute( \"value\", ( new Date() ).getTime() );<\/script><\/p><div class=\"wpcf7-response-output\" aria-hidden=\"true\"><\/div>\n<\/form>\n<\/div>\n<br \/>\n<\/code><\/p>\n","protected":false},"excerpt":{"rendered":"<p>INSCRIPTION<\/p>\n","protected":false},"author":12,"featured_media":0,"parent":4347,"menu_order":0,"comment_status":"closed","ping_status":"closed","template":"","meta":{"jetpack_post_was_ever_published":false,"footnotes":""},"class_list":["post-4652","page","type-page","status-publish","hentry"],"jetpack_sharing_enabled":true,"jetpack_shortlink":"https:\/\/wp.me\/P76iwL-1d2","jetpack-related-posts":[{"id":4203,"url":"https:\/\/civamapicole30.fr\/index.php\/rucher-ecole\/4203-2\/","url_meta":{"origin":4652,"position":0},"title":"Adh\u00e9sion de soutien","author":"Sylvette","date":"20 septembre 2022","format":false,"excerpt":"Adh\u00e9sion de soutien\u00a0 de 20 \u20ac pour l'ann\u00e9e 2026 Merci de libeller vos ch\u00e8ques \u00e0 l'ordre du \"Civam Apicole du Gard\" Adh\u00e9sion \u00e0 renvoyer accompagn\u00e9e de votre ch\u00e8que \u00e0: Civam Apicole du Gard Mairie Place de la Mairie\u00a0 30730 Saint Mamert du Gard","rel":"","context":"Article similaire","block_context":{"text":"Article similaire","link":""},"img":{"alt_text":"","src":"","width":0,"height":0},"classes":[]},{"id":4659,"url":"https:\/\/civamapicole30.fr\/index.php\/rucher-ecole\/fiche-inscription\/","url_meta":{"origin":4652,"position":1},"title":"FICHE INSCRIPTION","author":"Sylvette","date":"17 f\u00e9vrier 2026","format":false,"excerpt":"merci de remplir la fiche afin de la renvoyer http:\/\/civamapicole30.fr\/wp-content\/uploads\/2026\/02\/FICHE-INSCRIPTION-2026-2.pdf","rel":"","context":"Article similaire","block_context":{"text":"Article similaire","link":""},"img":{"alt_text":"","src":"","width":0,"height":0},"classes":[]},{"id":15,"url":"https:\/\/civamapicole30.fr\/index.php\/rucher-ecole\/test-de-page\/","url_meta":{"origin":4652,"position":2},"title":"Photos Rucher-\u00e9cole","author":"CIVAM","date":"3 octobre 2015","format":false,"excerpt":"\u00a0 \u00a0 \u00a0 \u00a0 \u00a0 \u00a0 \u00a0 \u00a0 \u00a0 \u00a0 \u00a0 \u00a0 \u00a0 \u00a0 \u00a0 \u00a0 \u00a0 \u00a0 \u00a0 \u00a0 \u00a0 \u00a0 \u00a0 \u00a0 \u00a0 \u00a0 \u00a0 \u00a0 \u00a0 \u00a0 \u00a0 \u00a0 \u00a0 \u00a0 \u00a0 \u00a0 \u00a0 \u00a0 \u00a0 \u00a0 \u00a0 \u00a0 \u00a0 \u00a0 \u00a0 \u00a0 \u00a0 \u00a0 \u00a0 \u00a0\u2026","rel":"","context":"Article similaire","block_context":{"text":"Article similaire","link":""},"img":{"alt_text":"","src":"https:\/\/i0.wp.com\/civamapicole30.fr\/wp-content\/uploads\/2026\/02\/20250412_135129-135x300.jpg?resize=350%2C200","width":350,"height":200},"classes":[]},{"id":4158,"url":"https:\/\/civamapicole30.fr\/index.php\/rucher-ecole\/formulaire-dadhesion-2023\/","url_meta":{"origin":4652,"position":3},"title":"Adh\u00e9sion 2026","author":"Sylvette","date":"19 septembre 2022","format":false,"excerpt":"Reprise des cours le 7\u00a0 mars 2026","rel":"","context":"Article similaire","block_context":{"text":"Article similaire","link":""},"img":{"alt_text":"","src":"","width":0,"height":0},"classes":[]},{"id":4347,"url":"https:\/\/civamapicole30.fr\/index.php\/rucher-ecole\/","url_meta":{"origin":4652,"position":4},"title":"RUCHER ECOLE","author":"Sylvette","date":"11 mars 2024","format":false,"excerpt":"Copie de CIVAM PLANNING 2026 (2) (8)","rel":"","context":"Article similaire","block_context":{"text":"Article similaire","link":""},"img":{"alt_text":"","src":"","width":0,"height":0},"classes":[]},{"id":4084,"url":"https:\/\/civamapicole30.fr\/index.php\/rucher-ecole\/reglementation\/","url_meta":{"origin":4652,"position":5},"title":"R\u00e9glementation","author":"Sylvette","date":"15 septembre 2022","format":false,"excerpt":"","rel":"","context":"Article similaire","block_context":{"text":"Article similaire","link":""},"img":{"alt_text":"","src":"https:\/\/i0.wp.com\/civamapicole30.fr\/wp-content\/uploads\/2022\/09\/UNAF-LOGO_RVB-2014-petit-3.jpg?resize=350%2C200","width":350,"height":200},"classes":[]}],"_links":{"self":[{"href":"https:\/\/civamapicole30.fr\/index.php\/wp-json\/wp\/v2\/pages\/4652","targetHints":{"allow":["GET"]}}],"collection":[{"href":"https:\/\/civamapicole30.fr\/index.php\/wp-json\/wp\/v2\/pages"}],"about":[{"href":"https:\/\/civamapicole30.fr\/index.php\/wp-json\/wp\/v2\/types\/page"}],"author":[{"embeddable":true,"href":"https:\/\/civamapicole30.fr\/index.php\/wp-json\/wp\/v2\/users\/12"}],"replies":[{"embeddable":true,"href":"https:\/\/civamapicole30.fr\/index.php\/wp-json\/wp\/v2\/comments?post=4652"}],"version-history":[{"count":6,"href":"https:\/\/civamapicole30.fr\/index.php\/wp-json\/wp\/v2\/pages\/4652\/revisions"}],"predecessor-version":[{"id":4665,"href":"https:\/\/civamapicole30.fr\/index.php\/wp-json\/wp\/v2\/pages\/4652\/revisions\/4665"}],"up":[{"embeddable":true,"href":"https:\/\/civamapicole30.fr\/index.php\/wp-json\/wp\/v2\/pages\/4347"}],"wp:attachment":[{"href":"https:\/\/civamapicole30.fr\/index.php\/wp-json\/wp\/v2\/media?parent=4652"}],"curies":[{"name":"wp","href":"https:\/\/api.w.org\/{rel}","templated":true}]}}