{"id":4413,"date":"2024-03-11T18:08:41","date_gmt":"2024-03-11T17:08:41","guid":{"rendered":"http:\/\/civamapicole30.fr\/?page_id=4413"},"modified":"2024-03-11T18:32:10","modified_gmt":"2024-03-11T17:32:10","slug":"4413-2","status":"publish","type":"page","link":"https:\/\/civamapicole30.fr\/index.php\/rucher-ecole\/4413-2\/","title":{"rendered":"Mat\u00e9riel d&#8217;apiculture"},"content":{"rendered":"<div>\n<div class=\"wDYxhc NFQFxe\" lang=\"fr-FR\" data-attrid=\"kc:\/local:business_availability_modes\" data-md=\"727\">\n<div data-ved=\"2ahUKEwjShfyJpuzyAhUNnhQKHT6JCM8Q8_cGegQIORAA\" data-hveid=\"CDkQAA\">\n<h4><span style=\"color: #ff6600;\"><strong>\u00c9tablissements Ickowicz<\/strong><\/span><\/h4>\n<p><img data-recalc-dims=\"1\" loading=\"lazy\" decoding=\"async\" data-attachment-id=\"4169\" data-permalink=\"https:\/\/civamapicole30.fr\/index.php\/rucher-ecole\/icko\/\" data-orig-file=\"https:\/\/i0.wp.com\/civamapicole30.fr\/wp-content\/uploads\/2022\/09\/icko.webp?fit=474%2C158&amp;ssl=1\" data-orig-size=\"474,158\" data-comments-opened=\"0\" data-image-meta=\"{&quot;aperture&quot;:&quot;0&quot;,&quot;credit&quot;:&quot;&quot;,&quot;camera&quot;:&quot;&quot;,&quot;caption&quot;:&quot;&quot;,&quot;created_timestamp&quot;:&quot;0&quot;,&quot;copyright&quot;:&quot;&quot;,&quot;focal_length&quot;:&quot;0&quot;,&quot;iso&quot;:&quot;0&quot;,&quot;shutter_speed&quot;:&quot;0&quot;,&quot;title&quot;:&quot;&quot;,&quot;orientation&quot;:&quot;0&quot;}\" data-image-title=\"icko\" data-image-description=\"\" data-image-caption=\"\" data-large-file=\"https:\/\/i0.wp.com\/civamapicole30.fr\/wp-content\/uploads\/2022\/09\/icko.webp?fit=474%2C158&amp;ssl=1\" class=\"alignnone wp-image-4169\" src=\"https:\/\/i0.wp.com\/civamapicole30.fr\/wp-content\/uploads\/2022\/09\/icko.webp?resize=181%2C49\" alt=\"\" width=\"181\" height=\"49\" \/><\/p>\n<\/div>\n<\/div>\n<\/div>\n<div class=\"owjCYb\"><\/div>\n<div class=\"QsDR1c\">\n<div class=\"wDYxhc\" lang=\"fr-FR\" data-attrid=\"kc:\/location\/location:address\" data-md=\"1002\" data-hveid=\"CCsQAA\" data-ved=\"2ahUKEwjShfyJpuzyAhUNnhQKHT6JCM8QkCl6BAgrEAA\">\n<div class=\"Z1hOCe\">\n<div class=\"zloOqf PZPZlf\" data-dtype=\"d3ifr\" data-local-attribute=\"d3adr\" data-ved=\"2ahUKEwjShfyJpuzyAhUNnhQKHT6JCM8QghwoAHoECCsQAQ\"><span class=\"LrzXr\">Zone d&#8217;activit\u00e9 A\u00e9rop\u00f4le 4 <\/span><\/div>\n<div class=\"zloOqf PZPZlf\" data-dtype=\"d3ifr\" data-local-attribute=\"d3adr\" data-ved=\"2ahUKEwjShfyJpuzyAhUNnhQKHT6JCM8QghwoAHoECCsQAQ\"><span class=\"LrzXr\">Rond-point de l&#8217;A\u00e9rop\u00f4le, <\/span><\/div>\n<div class=\"zloOqf PZPZlf\" data-dtype=\"d3ifr\" data-local-attribute=\"d3adr\" data-ved=\"2ahUKEwjShfyJpuzyAhUNnhQKHT6JCM8QghwoAHoECCsQAQ\"><span class=\"LrzXr\">30128 Garons<\/span><\/div>\n<\/div>\n<\/div>\n<\/div>\n<div class=\"QsDR1c\">\n<div class=\"wDYxhc\" lang=\"fr-FR\" data-attrid=\"kc:\/collection\/knowledge_panels\/has_phone:phone\" data-md=\"1006\" data-hveid=\"CDMQAA\" data-ved=\"2ahUKEwjShfyJpuzyAhUNnhQKHT6JCM8QkCl6BAgzEAA\">\n<div class=\"Z1hOCe\">\n<div class=\"zloOqf PZPZlf\" data-dtype=\"d3ifr\" data-local-attribute=\"d3ph\" data-ved=\"2ahUKEwjShfyJpuzyAhUNnhQKHT6JCM8Q8I0BKAB6BAgzEAE\">04 66 71 59 41<\/div>\n<\/div>\n<\/div>\n<\/div>\n<div data-dtype=\"d3ifr\" data-local-attribute=\"d3ph\" data-ved=\"2ahUKEwjShfyJpuzyAhUNnhQKHT6JCM8Q8I0BKAB6BAgzEAE\"><\/div>\n<h4 data-dtype=\"d3ifr\" data-local-attribute=\"d3ph\" data-ved=\"2ahUKEwjShfyJpuzyAhUNnhQKHT6JCM8Q8I0BKAB6BAgzEAE\"><span style=\"color: #ff6600;\">THOMAS Apiculture<\/span><\/h4>\n<div data-dtype=\"d3ifr\" data-local-attribute=\"d3ph\" data-ved=\"2ahUKEwjShfyJpuzyAhUNnhQKHT6JCM8Q8I0BKAB6BAgzEAE\"><a href=\"https:\/\/www.thomas-apiculture.com\/\"><img data-recalc-dims=\"1\" loading=\"lazy\" decoding=\"async\" data-attachment-id=\"4168\" data-permalink=\"https:\/\/civamapicole30.fr\/index.php\/rucher-ecole\/thomas\/\" data-orig-file=\"https:\/\/i0.wp.com\/civamapicole30.fr\/wp-content\/uploads\/2022\/09\/Thomas.png?fit=217%2C116&amp;ssl=1\" data-orig-size=\"217,116\" data-comments-opened=\"0\" data-image-meta=\"{&quot;aperture&quot;:&quot;0&quot;,&quot;credit&quot;:&quot;&quot;,&quot;camera&quot;:&quot;&quot;,&quot;caption&quot;:&quot;&quot;,&quot;created_timestamp&quot;:&quot;0&quot;,&quot;copyright&quot;:&quot;&quot;,&quot;focal_length&quot;:&quot;0&quot;,&quot;iso&quot;:&quot;0&quot;,&quot;shutter_speed&quot;:&quot;0&quot;,&quot;title&quot;:&quot;&quot;,&quot;orientation&quot;:&quot;0&quot;}\" data-image-title=\"Thomas\" data-image-description=\"\" data-image-caption=\"\" data-large-file=\"https:\/\/i0.wp.com\/civamapicole30.fr\/wp-content\/uploads\/2022\/09\/Thomas.png?fit=217%2C116&amp;ssl=1\" class=\"alignnone wp-image-4168\" src=\"https:\/\/i0.wp.com\/civamapicole30.fr\/wp-content\/uploads\/2022\/09\/Thomas.png?resize=147%2C90\" alt=\"\" width=\"147\" height=\"90\" \/><\/a><\/div>\n<div data-dtype=\"d3ifr\" data-local-attribute=\"d3ph\" data-ved=\"2ahUKEwjShfyJpuzyAhUNnhQKHT6JCM8Q8I0BKAB6BAgzEAE\"><\/div>\n<div data-dtype=\"d3ifr\" data-local-attribute=\"d3ph\" data-ved=\"2ahUKEwjShfyJpuzyAhUNnhQKHT6JCM8Q8I0BKAB6BAgzEAE\">ZA Saint Michel<br \/>\n6 bis rue Gustave Eiffel<br \/>\n34770 Gigean<br \/>\nFrance<\/div>\n<div data-dtype=\"d3ifr\" data-local-attribute=\"d3ph\" data-ved=\"2ahUKEwjShfyJpuzyAhUNnhQKHT6JCM8Q8I0BKAB6BAgzEAE\"><\/div>\n<div data-dtype=\"d3ifr\" data-local-attribute=\"d3ph\" data-ved=\"2ahUKEwjShfyJpuzyAhUNnhQKHT6JCM8Q8I0BKAB6BAgzEAE\"><\/div>\n","protected":false},"excerpt":{"rendered":"<p>\u00c9tablissements Ickowicz Zone d&#8217;activit\u00e9 A\u00e9rop\u00f4le 4 Rond-point de l&#8217;A\u00e9rop\u00f4le, 30128 Garons 04 66 71 59 41 THOMAS Apiculture ZA Saint Michel 6 bis rue Gustave Eiffel 34770 Gigean France<\/p>\n","protected":false},"author":1,"featured_media":0,"parent":4347,"menu_order":5,"comment_status":"closed","ping_status":"closed","template":"","meta":{"jetpack_post_was_ever_published":false,"footnotes":""},"class_list":["post-4413","page","type-page","status-publish","hentry"],"jetpack_sharing_enabled":true,"jetpack_shortlink":"https:\/\/wp.me\/P76iwL-19b","jetpack-related-posts":[{"id":46,"url":"https:\/\/civamapicole30.fr\/index.php\/le-civam\/reglement-interieur\/","url_meta":{"origin":4413,"position":0},"title":"R\u00e8glement int\u00e9rieur","author":"CIVAM","date":"17 d\u00e9cembre 2015","format":false,"excerpt":"REGLEMENT INTERIEUR CIVAM apicole du GARD Conform\u00e9ment \u00e0 l'article 14 des statuts, ce r\u00e8glement est destin\u00e9 \u00e0 fixer les divers points non pr\u00e9vus par les statuts, notamment ceux qui ont trait \u00e0 l'administration interne de l'Association. Il pr\u00e9cise son mode de fonctionnement et ce, de fa\u00e7on \u00e0 ce que les\u2026","rel":"","context":"Article similaire","block_context":{"text":"Article similaire","link":""},"img":{"alt_text":"","src":"","width":0,"height":0},"classes":[]},{"id":35,"url":"https:\/\/civamapicole30.fr\/index.php\/le-civam\/les-statuts-de-lassociation\/","url_meta":{"origin":4413,"position":1},"title":"Les statuts de l&#8217;association","author":"CIVAM","date":"17 d\u00e9cembre 2015","format":false,"excerpt":"\u00a0 STATUTS DU CENTRE D'INFORMATION ET DE \u00a0 \u00a0 \u00a0 \u00a0 \u00a0 \u00a0 \u00a0 \u00a0 \u00a0 \u00a0 \u00a0 \u00a0 \u00a0 \u00a0VULGARISATION AGRICOLES ET \u00a0 \u00a0 \u00a0 \u00a0 \u00a0 \u00a0 \u00a0 \u00a0 \u00a0 \u00a0 \u00a0 \u00a0 \u00a0 \u00a0 \u00a0 \u00a0 \u00a0 \u00a0 \u00a0 \u00a0 \u00a0 \u00a0 \u00a0 \u00a0 \u00a0 \u00a0 \u00a0\u2026","rel":"","context":"Article similaire","block_context":{"text":"Article similaire","link":""},"img":{"alt_text":"","src":"","width":0,"height":0},"classes":[]},{"id":4202,"url":"https:\/\/civamapicole30.fr\/index.php\/creation-du-cdas\/","url_meta":{"origin":4413,"position":2},"title":"Cr\u00e9ation du &#8220;CDAS&#8221;","author":"Sylvette","date":"20 septembre 2022","format":false,"excerpt":"Le \"CDAS\" mais c'est quoi? Le Comit\u00e9 des Anciens Stagiaires Le Civam Apicole du Gard est une structure d'initiation \u00e0 l'apiculture\u00a0 mais c'est aussi un r\u00e9seau de partage de connaissances, d'informations . Les membres du Conseil d\u2019Administration souhaiteraient aussi qu\u2019il soit un lieu d'\u00e9change sur la pratique apicole, l\u2019actualit\u00e9 et\u2026","rel":"","context":"Article similaire","block_context":{"text":"Article similaire","link":""},"img":{"alt_text":"","src":"https:\/\/i0.wp.com\/civamapicole30.fr\/wp-content\/uploads\/2026\/02\/IMG-20240622-WA0000-192x300.jpg?resize=350%2C200","width":350,"height":200},"classes":[]},{"id":4203,"url":"https:\/\/civamapicole30.fr\/index.php\/rucher-ecole\/4203-2\/","url_meta":{"origin":4413,"position":3},"title":"Adh\u00e9sion de soutien","author":"Sylvette","date":"20 septembre 2022","format":false,"excerpt":"Adh\u00e9sion de soutien\u00a0 de 20 \u20ac pour l'ann\u00e9e 2026 Merci de libeller vos ch\u00e8ques \u00e0 l'ordre du \"Civam Apicole du Gard\" Adh\u00e9sion \u00e0 renvoyer accompagn\u00e9e de votre ch\u00e8que \u00e0: Civam Apicole du Gard Mairie Place de la Mairie\u00a0 30730 Saint Mamert du Gard","rel":"","context":"Article similaire","block_context":{"text":"Article similaire","link":""},"img":{"alt_text":"","src":"","width":0,"height":0},"classes":[]},{"id":15,"url":"https:\/\/civamapicole30.fr\/index.php\/rucher-ecole\/test-de-page\/","url_meta":{"origin":4413,"position":4},"title":"Photos Rucher-\u00e9cole","author":"CIVAM","date":"3 octobre 2015","format":false,"excerpt":"\u00a0 \u00a0 \u00a0 \u00a0 \u00a0 \u00a0 \u00a0 \u00a0 \u00a0 \u00a0 \u00a0 \u00a0 \u00a0 \u00a0 \u00a0 \u00a0 \u00a0 \u00a0 \u00a0 \u00a0 \u00a0 \u00a0 \u00a0 \u00a0 \u00a0 \u00a0 \u00a0 \u00a0 \u00a0 \u00a0 \u00a0 \u00a0 \u00a0 \u00a0 \u00a0 \u00a0 \u00a0 \u00a0 \u00a0 \u00a0 \u00a0 \u00a0 \u00a0 \u00a0 \u00a0 \u00a0 \u00a0 \u00a0 \u00a0 \u00a0\u2026","rel":"","context":"Article similaire","block_context":{"text":"Article similaire","link":""},"img":{"alt_text":"","src":"https:\/\/i0.wp.com\/civamapicole30.fr\/wp-content\/uploads\/2026\/02\/20250412_135129-135x300.jpg?resize=350%2C200","width":350,"height":200},"classes":[]},{"id":645,"url":"https:\/\/civamapicole30.fr\/index.php\/sos-essaim-dabeilles\/","url_meta":{"origin":4413,"position":5},"title":"SOS ABEILLES, ESSAIM","author":"CIVAM","date":"9 juin 2016","format":false,"excerpt":"\u00a0Il arrive au printemps, qu'une partie de la population d'une ruche la quitte, pour aller fonder une nouvelle colonie ailleurs. L'essaim ainsi constitu\u00e9 cherche un emplacement parfois dans votre jardin, votre chemin\u00e9e, derri\u00e8re des volets. Pour les non-apiculteurs c'est un voisinage peu appr\u00e9ci\u00e9. Les abeilles appartiennent \u00e0 une esp\u00e8ce prot\u00e9g\u00e9e\u2026","rel":"","context":"Article similaire","block_context":{"text":"Article similaire","link":""},"img":{"alt_text":"","src":"https:\/\/i0.wp.com\/civamapicole30.fr\/wp-content\/uploads\/2022\/09\/essaim.webp?resize=350%2C200","width":350,"height":200},"classes":[]}],"_links":{"self":[{"href":"https:\/\/civamapicole30.fr\/index.php\/wp-json\/wp\/v2\/pages\/4413","targetHints":{"allow":["GET"]}}],"collection":[{"href":"https:\/\/civamapicole30.fr\/index.php\/wp-json\/wp\/v2\/pages"}],"about":[{"href":"https:\/\/civamapicole30.fr\/index.php\/wp-json\/wp\/v2\/types\/page"}],"author":[{"embeddable":true,"href":"https:\/\/civamapicole30.fr\/index.php\/wp-json\/wp\/v2\/users\/1"}],"replies":[{"embeddable":true,"href":"https:\/\/civamapicole30.fr\/index.php\/wp-json\/wp\/v2\/comments?post=4413"}],"version-history":[{"count":2,"href":"https:\/\/civamapicole30.fr\/index.php\/wp-json\/wp\/v2\/pages\/4413\/revisions"}],"predecessor-version":[{"id":4416,"href":"https:\/\/civamapicole30.fr\/index.php\/wp-json\/wp\/v2\/pages\/4413\/revisions\/4416"}],"up":[{"embeddable":true,"href":"https:\/\/civamapicole30.fr\/index.php\/wp-json\/wp\/v2\/pages\/4347"}],"wp:attachment":[{"href":"https:\/\/civamapicole30.fr\/index.php\/wp-json\/wp\/v2\/media?parent=4413"}],"curies":[{"name":"wp","href":"https:\/\/api.w.org\/{rel}","templated":true}]}}