{"id":4390,"date":"2024-03-11T16:46:14","date_gmt":"2024-03-11T15:46:14","guid":{"rendered":"http:\/\/civamapicole30.fr\/?page_id=4390"},"modified":"2026-02-09T15:25:28","modified_gmt":"2026-02-09T14:25:28","slug":"contacts-2","status":"publish","type":"page","link":"https:\/\/civamapicole30.fr\/index.php\/contacts-2\/","title":{"rendered":"CONTACTS"},"content":{"rendered":"<div class=\"fsn-row full-width-row fsn-69e43f63b9336 light\" style=\"background-repeat:repeat;background-position:left top;background-attachment:scroll;background-size:auto;\"><div class=\"container-fluid\"><div class=\"row\"><div class=\"col-sm-12\"><div class=\"fsn-column-inner fsn-69e43f63b93ac light\"><div class=\"fsn-text fsn-69e43f63b9400\"><\/div><\/div><\/div><\/div><\/div><\/div>\n","protected":false},"excerpt":{"rendered":"","protected":false},"author":1,"featured_media":0,"parent":0,"menu_order":5,"comment_status":"closed","ping_status":"closed","template":"","meta":{"jetpack_post_was_ever_published":true,"footnotes":""},"class_list":["post-4390","page","type-page","status-publish","hentry"],"jetpack_sharing_enabled":true,"jetpack_shortlink":"https:\/\/wp.me\/P76iwL-18O","jetpack-related-posts":[{"id":4084,"url":"https:\/\/civamapicole30.fr\/index.php\/rucher-ecole\/reglementation\/","url_meta":{"origin":4390,"position":0},"title":"R\u00e9glementation","author":"Sylvette","date":"15 septembre 2022","format":false,"excerpt":"","rel":"","context":"Article similaire","block_context":{"text":"Article similaire","link":""},"img":{"alt_text":"","src":"https:\/\/i0.wp.com\/civamapicole30.fr\/wp-content\/uploads\/2022\/09\/UNAF-LOGO_RVB-2014-petit-3.jpg?resize=350%2C200","width":350,"height":200},"classes":[]},{"id":4355,"url":"https:\/\/civamapicole30.fr\/index.php\/les-abeilles\/","url_meta":{"origin":4390,"position":1},"title":"LES ABEILLES","author":"Sylvette","date":"11 mars 2024","format":false,"excerpt":"","rel":"","context":"Article similaire","block_context":{"text":"Article similaire","link":""},"img":{"alt_text":"Reconnaitre l 'abeille api mellifera","src":"https:\/\/i0.wp.com\/civamapicole30.fr\/wp-content\/uploads\/2024\/04\/IMG-20230515-WA0002-212x300.jpg?resize=350%2C200","width":350,"height":200},"classes":[]},{"id":263,"url":"https:\/\/civamapicole30.fr\/index.php\/contacts-2\/abonnement-newletter\/","url_meta":{"origin":4390,"position":2},"title":"Abonnement Newletters","author":"CIVAM","date":"15 janvier 2016","format":false,"excerpt":"\u00a0","rel":"","context":"Article similaire","block_context":{"text":"Article similaire","link":""},"img":{"alt_text":"","src":"","width":0,"height":0},"classes":[]},{"id":4220,"url":"https:\/\/civamapicole30.fr\/index.php\/contacts-2\/suivez-nous-sur-les-reseaux-sociaux\/","url_meta":{"origin":4390,"position":3},"title":"Suivez-nous sur les r\u00e9seaux sociaux","author":"Sylvette","date":"21 septembre 2022","format":false,"excerpt":"\u00a0","rel":"","context":"Article similaire","block_context":{"text":"Article similaire","link":""},"img":{"alt_text":"","src":"https:\/\/i0.wp.com\/civamapicole30.fr\/wp-content\/uploads\/2022\/09\/3536445-1-300x300.png?resize=350%2C200","width":350,"height":200},"classes":[]},{"id":4398,"url":"https:\/\/civamapicole30.fr\/index.php\/contacts-2\/contacter-la-secretaire\/","url_meta":{"origin":4390,"position":4},"title":"Contacter la secr\u00e9taire","author":"CIVAM","date":"11 mars 2024","format":false,"excerpt":"Pour contacter la secr\u00e9taire, merci de compl\u00e9ter le formulaire ci-dessous.","rel":"","context":"Article similaire","block_context":{"text":"Article similaire","link":""},"img":{"alt_text":"","src":"","width":0,"height":0},"classes":[]},{"id":4393,"url":"https:\/\/civamapicole30.fr\/index.php\/contacts-2\/contact-president\/","url_meta":{"origin":4390,"position":5},"title":"Contacter le Pr\u00e9sident","author":"CIVAM","date":"11 mars 2024","format":false,"excerpt":"Pour contacter le Pr\u00e9sident du CIVAM Apicole du Gard merci de compl\u00e9ter le formulaire ci-dessous.","rel":"","context":"Article similaire","block_context":{"text":"Article similaire","link":""},"img":{"alt_text":"","src":"","width":0,"height":0},"classes":[]}],"_links":{"self":[{"href":"https:\/\/civamapicole30.fr\/index.php\/wp-json\/wp\/v2\/pages\/4390","targetHints":{"allow":["GET"]}}],"collection":[{"href":"https:\/\/civamapicole30.fr\/index.php\/wp-json\/wp\/v2\/pages"}],"about":[{"href":"https:\/\/civamapicole30.fr\/index.php\/wp-json\/wp\/v2\/types\/page"}],"author":[{"embeddable":true,"href":"https:\/\/civamapicole30.fr\/index.php\/wp-json\/wp\/v2\/users\/1"}],"replies":[{"embeddable":true,"href":"https:\/\/civamapicole30.fr\/index.php\/wp-json\/wp\/v2\/comments?post=4390"}],"version-history":[{"count":3,"href":"https:\/\/civamapicole30.fr\/index.php\/wp-json\/wp\/v2\/pages\/4390\/revisions"}],"predecessor-version":[{"id":4629,"href":"https:\/\/civamapicole30.fr\/index.php\/wp-json\/wp\/v2\/pages\/4390\/revisions\/4629"}],"wp:attachment":[{"href":"https:\/\/civamapicole30.fr\/index.php\/wp-json\/wp\/v2\/media?parent=4390"}],"curies":[{"name":"wp","href":"https:\/\/api.w.org\/{rel}","templated":true}]}}