{"id":4379,"date":"2024-03-11T11:41:47","date_gmt":"2024-03-11T10:41:47","guid":{"rendered":"https:\/\/civamapicole30.fr\/?page_id=4379"},"modified":"2024-03-12T08:58:13","modified_gmt":"2024-03-12T07:58:13","slug":"ou-nous-trouver","status":"publish","type":"page","link":"https:\/\/civamapicole30.fr\/index.php\/rucher-ecole\/ou-nous-trouver\/","title":{"rendered":"O\u00f9 nous trouver"},"content":{"rendered":"<p>Sur la commune de Saint Mamert du Gard<\/p>\n<figure id=\"attachment_4380\" aria-describedby=\"caption-attachment-4380\" style=\"width: 300px\" class=\"wp-caption alignnone\"><img data-recalc-dims=\"1\" loading=\"lazy\" decoding=\"async\" data-attachment-id=\"4380\" data-permalink=\"https:\/\/civamapicole30.fr\/index.php\/rucher-ecole\/ou-nous-trouver\/exif_jpeg_420\/\" data-orig-file=\"https:\/\/i0.wp.com\/civamapicole30.fr\/wp-content\/uploads\/2024\/03\/IMG_20211112_081923750-768x576-1.jpg?fit=768%2C576&amp;ssl=1\" data-orig-size=\"768,576\" data-comments-opened=\"0\" data-image-meta=\"{&quot;aperture&quot;:&quot;2&quot;,&quot;credit&quot;:&quot;Artist-freed&quot;,&quot;camera&quot;:&quot;W-V800-EEA&quot;,&quot;caption&quot;:&quot;Exif_JPEG_420&quot;,&quot;created_timestamp&quot;:&quot;1636705163&quot;,&quot;copyright&quot;:&quot;Copyright,Spreadtrum,2011&quot;,&quot;focal_length&quot;:&quot;3.749&quot;,&quot;iso&quot;:&quot;64&quot;,&quot;shutter_speed&quot;:&quot;0.02&quot;,&quot;title&quot;:&quot;Exif_JPEG_420&quot;,&quot;orientation&quot;:&quot;0&quot;}\" data-image-title=\"Exif_JPEG_420\" data-image-description=\"\" data-image-caption=\"&lt;p&gt;Exif_JPEG_420&lt;\/p&gt;\n\" data-large-file=\"https:\/\/i0.wp.com\/civamapicole30.fr\/wp-content\/uploads\/2024\/03\/IMG_20211112_081923750-768x576-1.jpg?fit=474%2C356&amp;ssl=1\" class=\"size-medium wp-image-4380\" src=\"https:\/\/i0.wp.com\/civamapicole30.fr\/wp-content\/uploads\/2024\/03\/IMG_20211112_081923750-768x576-1.jpg?resize=300%2C225\" alt=\"\" width=\"300\" height=\"225\" srcset=\"https:\/\/i0.wp.com\/civamapicole30.fr\/wp-content\/uploads\/2024\/03\/IMG_20211112_081923750-768x576-1.jpg?resize=300%2C225&amp;ssl=1 300w, https:\/\/i0.wp.com\/civamapicole30.fr\/wp-content\/uploads\/2024\/03\/IMG_20211112_081923750-768x576-1.jpg?resize=640%2C480&amp;ssl=1 640w, https:\/\/i0.wp.com\/civamapicole30.fr\/wp-content\/uploads\/2024\/03\/IMG_20211112_081923750-768x576-1.jpg?resize=600%2C450&amp;ssl=1 600w, https:\/\/i0.wp.com\/civamapicole30.fr\/wp-content\/uploads\/2024\/03\/IMG_20211112_081923750-768x576-1.jpg?w=768&amp;ssl=1 768w\" sizes=\"auto, (max-width: 300px) 100vw, 300px\" \/><figcaption id=\"caption-attachment-4380\" class=\"wp-caption-text\">Exif_JPEG_420<\/figcaption><\/figure>\n<p><img data-recalc-dims=\"1\" loading=\"lazy\" decoding=\"async\" data-attachment-id=\"4385\" data-permalink=\"https:\/\/civamapicole30.fr\/index.php\/rucher-ecole\/ou-nous-trouver\/capture-decran-2024-03-11-115900\/\" data-orig-file=\"https:\/\/i0.wp.com\/civamapicole30.fr\/wp-content\/uploads\/2024\/03\/Capture-decran-2024-03-11-115900.jpg?fit=1166%2C730&amp;ssl=1\" data-orig-size=\"1166,730\" data-comments-opened=\"0\" data-image-meta=\"{&quot;aperture&quot;:&quot;0&quot;,&quot;credit&quot;:&quot;&quot;,&quot;camera&quot;:&quot;&quot;,&quot;caption&quot;:&quot;&quot;,&quot;created_timestamp&quot;:&quot;0&quot;,&quot;copyright&quot;:&quot;&quot;,&quot;focal_length&quot;:&quot;0&quot;,&quot;iso&quot;:&quot;0&quot;,&quot;shutter_speed&quot;:&quot;0&quot;,&quot;title&quot;:&quot;&quot;,&quot;orientation&quot;:&quot;0&quot;}\" data-image-title=\"Capture d&amp;#8217;\u00e9cran 2024-03-11 115900\" data-image-description=\"\" data-image-caption=\"\" data-large-file=\"https:\/\/i0.wp.com\/civamapicole30.fr\/wp-content\/uploads\/2024\/03\/Capture-decran-2024-03-11-115900.jpg?fit=474%2C297&amp;ssl=1\" class=\"alignnone size-medium wp-image-4385\" src=\"https:\/\/i0.wp.com\/civamapicole30.fr\/wp-content\/uploads\/2024\/03\/Capture-decran-2024-03-11-115900.jpg?resize=300%2C188\" alt=\"\" width=\"300\" height=\"188\" srcset=\"https:\/\/i0.wp.com\/civamapicole30.fr\/wp-content\/uploads\/2024\/03\/Capture-decran-2024-03-11-115900.jpg?resize=300%2C188&amp;ssl=1 300w, https:\/\/i0.wp.com\/civamapicole30.fr\/wp-content\/uploads\/2024\/03\/Capture-decran-2024-03-11-115900.jpg?resize=1024%2C641&amp;ssl=1 1024w, https:\/\/i0.wp.com\/civamapicole30.fr\/wp-content\/uploads\/2024\/03\/Capture-decran-2024-03-11-115900.jpg?resize=768%2C481&amp;ssl=1 768w, https:\/\/i0.wp.com\/civamapicole30.fr\/wp-content\/uploads\/2024\/03\/Capture-decran-2024-03-11-115900.jpg?resize=640%2C401&amp;ssl=1 640w, https:\/\/i0.wp.com\/civamapicole30.fr\/wp-content\/uploads\/2024\/03\/Capture-decran-2024-03-11-115900.jpg?resize=600%2C376&amp;ssl=1 600w, https:\/\/i0.wp.com\/civamapicole30.fr\/wp-content\/uploads\/2024\/03\/Capture-decran-2024-03-11-115900.jpg?w=1166&amp;ssl=1 1166w, https:\/\/i0.wp.com\/civamapicole30.fr\/wp-content\/uploads\/2024\/03\/Capture-decran-2024-03-11-115900.jpg?w=948 948w\" sizes=\"auto, (max-width: 300px) 100vw, 300px\" \/><\/p>\n<p><a href=\"https:\/\/www.google.com\/maps\/place\/civam+apicole+du+gard\/@43.886046,4.1863664,17z\/data=!3m1!4b1!4m6!3m5!1s0x12b43b1f187961f5:0xb8c3fb93dd7f9432!8m2!3d43.886046!4d4.188936!16s%2Fg%2F11c2pvmrp3?authuser=0&amp;entry=ttu\">Pour nous trouver cliquer ICI\u00a0<\/a><\/p>\n","protected":false},"excerpt":{"rendered":"<p>Sur la commune de Saint Mamert du Gard Pour nous trouver cliquer ICI\u00a0<\/p>\n","protected":false},"author":12,"featured_media":0,"parent":4347,"menu_order":0,"comment_status":"closed","ping_status":"closed","template":"","meta":{"jetpack_post_was_ever_published":false,"footnotes":""},"class_list":["post-4379","page","type-page","status-publish","hentry"],"jetpack_sharing_enabled":true,"jetpack_shortlink":"https:\/\/wp.me\/P76iwL-18D","jetpack-related-posts":[{"id":48,"url":"https:\/\/civamapicole30.fr\/","url_meta":{"origin":4379,"position":0},"title":"Qui sommes nous ?","author":"CIVAM","date":"17 d\u00e9cembre 2015","format":false,"excerpt":"Les CIVAM (Centres d\u2019initiatives pour valoriser l\u2019agriculture et le milieu rural) sont des groupes d\u2019agriculteurs et de ruraux qui travaillent de mani\u00e8re collective \u00e0 la transition agro\u00e9cologique. Ils constituent un r\u00e9seau de pr\u00e8s de 130 associations qui \u0153uvrent depuis 60 ans pour des campagnes vivantes. La F\u00e9d\u00e9ration R\u00e9gionale des CIVAM\u2026","rel":"","context":"Article similaire","block_context":{"text":"Article similaire","link":""},"img":{"alt_text":"","src":"https:\/\/i0.wp.com\/civamapicole30.fr\/wp-content\/uploads\/2022\/09\/carte-300x249.png?resize=350%2C200","width":350,"height":200},"classes":[]},{"id":1810,"url":"https:\/\/civamapicole30.fr\/index.php\/sos-essaim-dabeilles\/pour-trouver-un-apiculteur-pres-de-chez-vous\/","url_meta":{"origin":4379,"position":1},"title":"Pour trouver un apiculteur pr\u00e9s de chez vous","author":"Sylvette","date":"28 janvier 2017","format":false,"excerpt":"Pour trouver un apiculteur pr\u00e9s de chez vous \u00a0\u00a0cliquer ici\u00a0 Pour Les apiculteurs qui veulent\u00a0faire partie des cueilleurs et s'inscrire\u00a0cliquez ici","rel":"","context":"Article similaire","block_context":{"text":"Article similaire","link":""},"img":{"alt_text":"","src":"","width":0,"height":0},"classes":[]},{"id":645,"url":"https:\/\/civamapicole30.fr\/index.php\/sos-essaim-dabeilles\/","url_meta":{"origin":4379,"position":2},"title":"SOS ABEILLES, ESSAIM","author":"CIVAM","date":"9 juin 2016","format":false,"excerpt":"\u00a0Il arrive au printemps, qu'une partie de la population d'une ruche la quitte, pour aller fonder une nouvelle colonie ailleurs. L'essaim ainsi constitu\u00e9 cherche un emplacement parfois dans votre jardin, votre chemin\u00e9e, derri\u00e8re des volets. Pour les non-apiculteurs c'est un voisinage peu appr\u00e9ci\u00e9. Les abeilles appartiennent \u00e0 une esp\u00e8ce prot\u00e9g\u00e9e\u2026","rel":"","context":"Article similaire","block_context":{"text":"Article similaire","link":""},"img":{"alt_text":"","src":"https:\/\/i0.wp.com\/civamapicole30.fr\/wp-content\/uploads\/2022\/09\/essaim.webp?resize=350%2C200","width":350,"height":200},"classes":[]},{"id":4220,"url":"https:\/\/civamapicole30.fr\/index.php\/contacts-2\/suivez-nous-sur-les-reseaux-sociaux\/","url_meta":{"origin":4379,"position":3},"title":"Suivez-nous sur les r\u00e9seaux sociaux","author":"Sylvette","date":"21 septembre 2022","format":false,"excerpt":"\u00a0","rel":"","context":"Article similaire","block_context":{"text":"Article similaire","link":""},"img":{"alt_text":"","src":"https:\/\/i0.wp.com\/civamapicole30.fr\/wp-content\/uploads\/2022\/09\/3536445-1-300x300.png?resize=350%2C200","width":350,"height":200},"classes":[]},{"id":4340,"url":"https:\/\/civamapicole30.fr\/index.php\/le-civam\/","url_meta":{"origin":4379,"position":4},"title":"LE CIVAM","author":"Sylvette","date":"11 mars 2024","format":false,"excerpt":"LE CIVAM Conseil d\u2019administration Qui sommes nous ? Bureau 2024 R\u00e8glement int\u00e9rieur Les statuts de l\u2019association","rel":"","context":"Article similaire","block_context":{"text":"Article similaire","link":""},"img":{"alt_text":"","src":"","width":0,"height":0},"classes":[]}],"_links":{"self":[{"href":"https:\/\/civamapicole30.fr\/index.php\/wp-json\/wp\/v2\/pages\/4379","targetHints":{"allow":["GET"]}}],"collection":[{"href":"https:\/\/civamapicole30.fr\/index.php\/wp-json\/wp\/v2\/pages"}],"about":[{"href":"https:\/\/civamapicole30.fr\/index.php\/wp-json\/wp\/v2\/types\/page"}],"author":[{"embeddable":true,"href":"https:\/\/civamapicole30.fr\/index.php\/wp-json\/wp\/v2\/users\/12"}],"replies":[{"embeddable":true,"href":"https:\/\/civamapicole30.fr\/index.php\/wp-json\/wp\/v2\/comments?post=4379"}],"version-history":[{"count":6,"href":"https:\/\/civamapicole30.fr\/index.php\/wp-json\/wp\/v2\/pages\/4379\/revisions"}],"predecessor-version":[{"id":4426,"href":"https:\/\/civamapicole30.fr\/index.php\/wp-json\/wp\/v2\/pages\/4379\/revisions\/4426"}],"up":[{"embeddable":true,"href":"https:\/\/civamapicole30.fr\/index.php\/wp-json\/wp\/v2\/pages\/4347"}],"wp:attachment":[{"href":"https:\/\/civamapicole30.fr\/index.php\/wp-json\/wp\/v2\/media?parent=4379"}],"curies":[{"name":"wp","href":"https:\/\/api.w.org\/{rel}","templated":true}]}}