{"id":4360,"date":"2024-03-11T10:43:05","date_gmt":"2024-03-11T09:43:05","guid":{"rendered":"https:\/\/civamapicole30.fr\/?page_id=4360"},"modified":"2025-12-16T09:40:36","modified_gmt":"2025-12-16T08:40:36","slug":"conseil-dadministration","status":"publish","type":"page","link":"https:\/\/civamapicole30.fr\/index.php\/le-civam\/conseil-dadministration\/","title":{"rendered":"Conseil d&#8217;administration"},"content":{"rendered":"<p><strong>Conseil d&#8217;administration 2026<\/strong><\/p>\n\n<table id=\"tablepress-3\" class=\"tablepress tablepress-id-3\">\n<thead>\n<tr class=\"row-1\">\n\t<th class=\"column-1\">NOM<\/th><th class=\"column-2\">PRENOM <\/th><th class=\"column-3\">FONCTION <\/th>\n<\/tr>\n<\/thead>\n<tbody class=\"row-striping row-hover\">\n<tr class=\"row-2\">\n\t<td class=\"column-1\">ALTIER<\/td><td class=\"column-2\">Sylvette<\/td><td class=\"column-3\">secr\u00e9taire<\/td>\n<\/tr>\n<tr class=\"row-3\">\n\t<td class=\"column-1\">GRAFFAN<\/td><td class=\"column-2\">Andr\u00e9<\/td><td class=\"column-3\">Administrateur<\/td>\n<\/tr>\n<tr class=\"row-4\">\n\t<td class=\"column-1\">AUBONNET<\/td><td class=\"column-2\">Julien<\/td><td class=\"column-3\">Administrateur<\/td>\n<\/tr>\n<tr class=\"row-5\">\n\t<td class=\"column-1\">GOUDARD <\/td><td class=\"column-2\">Pierre<\/td><td class=\"column-3\">Vice Pr\u00e9sident<\/td>\n<\/tr>\n<tr class=\"row-6\">\n\t<td class=\"column-1\">SOLIGNAC <\/td><td class=\"column-2\">Sonia<\/td><td class=\"column-3\"><\/td>\n<\/tr>\n<tr class=\"row-7\">\n\t<td class=\"column-1\">SALZES <\/td><td class=\"column-2\">Bertrand<\/td><td class=\"column-3\">Vice tr\u00e9sorier<\/td>\n<\/tr>\n<tr class=\"row-8\">\n\t<td class=\"column-1\">MEGER<\/td><td class=\"column-2\">Olivier<\/td><td class=\"column-3\">Administrateur<\/td>\n<\/tr>\n<tr class=\"row-9\">\n\t<td class=\"column-1\">PIASENTIN<\/td><td class=\"column-2\">Francois<\/td><td class=\"column-3\">Pr\u00e9sident<\/td>\n<\/tr>\n<tr class=\"row-10\">\n\t<td class=\"column-1\">MIDTHASSEL<\/td><td class=\"column-2\">Am\u00e9lie<\/td><td class=\"column-3\">Tr\u00e9sori\u00e8re<\/td>\n<\/tr>\n<tr class=\"row-11\">\n\t<td class=\"column-1\">LOBACARRO <\/td><td class=\"column-2\">Claude<\/td><td class=\"column-3\">Administrateur <\/td>\n<\/tr>\n<tr class=\"row-12\">\n\t<td class=\"column-1\">TALLEVAST<\/td><td class=\"column-2\">Jean Christophe<\/td><td class=\"column-3\">Administrateur<\/td>\n<\/tr>\n<tr class=\"row-13\">\n\t<td class=\"column-1\">DELAGE <\/td><td class=\"column-2\">Raphael<\/td><td class=\"column-3\">Administrateur<\/td>\n<\/tr>\n<tr class=\"row-14\">\n\t<td class=\"column-1\"><\/td><td class=\"column-2\"><\/td><td class=\"column-3\"><\/td>\n<\/tr>\n<tr class=\"row-15\">\n\t<td class=\"column-1\"><\/td><td class=\"column-2\"><\/td><td class=\"column-3\"><\/td>\n<\/tr>\n<tr class=\"row-16\">\n\t<td class=\"column-1\"><\/td><td class=\"column-2\"><\/td><td class=\"column-3\"><\/td>\n<\/tr>\n<tr class=\"row-17\">\n\t<td class=\"column-1\"><\/td><td class=\"column-2\"><\/td><td class=\"column-3\"><\/td>\n<\/tr>\n<tr class=\"row-18\">\n\t<td class=\"column-1\"><\/td><td class=\"column-2\"><\/td><td class=\"column-3\"><\/td>\n<\/tr>\n<\/tbody>\n<\/table>\n<!-- #tablepress-3 from cache -->\n","protected":false},"excerpt":{"rendered":"<p>Conseil d&#8217;administration 2026<\/p>\n","protected":false},"author":12,"featured_media":0,"parent":4340,"menu_order":4,"comment_status":"closed","ping_status":"closed","template":"","meta":{"jetpack_post_was_ever_published":true,"footnotes":""},"class_list":["post-4360","page","type-page","status-publish","hentry"],"jetpack_sharing_enabled":true,"jetpack_shortlink":"https:\/\/wp.me\/P76iwL-18k","jetpack-related-posts":[{"id":46,"url":"https:\/\/civamapicole30.fr\/index.php\/le-civam\/reglement-interieur\/","url_meta":{"origin":4360,"position":0},"title":"R\u00e8glement int\u00e9rieur","author":"CIVAM","date":"17 d\u00e9cembre 2015","format":false,"excerpt":"REGLEMENT INTERIEUR CIVAM apicole du GARD Conform\u00e9ment \u00e0 l'article 14 des statuts, ce r\u00e8glement est destin\u00e9 \u00e0 fixer les divers points non pr\u00e9vus par les statuts, notamment ceux qui ont trait \u00e0 l'administration interne de l'Association. Il pr\u00e9cise son mode de fonctionnement et ce, de fa\u00e7on \u00e0 ce que les\u2026","rel":"","context":"Article similaire","block_context":{"text":"Article similaire","link":""},"img":{"alt_text":"","src":"","width":0,"height":0},"classes":[]},{"id":35,"url":"https:\/\/civamapicole30.fr\/index.php\/le-civam\/les-statuts-de-lassociation\/","url_meta":{"origin":4360,"position":1},"title":"Les statuts de l&#8217;association","author":"CIVAM","date":"17 d\u00e9cembre 2015","format":false,"excerpt":"\u00a0 STATUTS DU CENTRE D'INFORMATION ET DE \u00a0 \u00a0 \u00a0 \u00a0 \u00a0 \u00a0 \u00a0 \u00a0 \u00a0 \u00a0 \u00a0 \u00a0 \u00a0 \u00a0VULGARISATION AGRICOLES ET \u00a0 \u00a0 \u00a0 \u00a0 \u00a0 \u00a0 \u00a0 \u00a0 \u00a0 \u00a0 \u00a0 \u00a0 \u00a0 \u00a0 \u00a0 \u00a0 \u00a0 \u00a0 \u00a0 \u00a0 \u00a0 \u00a0 \u00a0 \u00a0 \u00a0 \u00a0 \u00a0\u2026","rel":"","context":"Article similaire","block_context":{"text":"Article similaire","link":""},"img":{"alt_text":"","src":"","width":0,"height":0},"classes":[]},{"id":4340,"url":"https:\/\/civamapicole30.fr\/index.php\/le-civam\/","url_meta":{"origin":4360,"position":2},"title":"LE CIVAM","author":"Sylvette","date":"11 mars 2024","format":false,"excerpt":"LE CIVAM Conseil d\u2019administration Qui sommes nous ? Bureau 2024 R\u00e8glement int\u00e9rieur Les statuts de l\u2019association","rel":"","context":"Article similaire","block_context":{"text":"Article similaire","link":""},"img":{"alt_text":"","src":"","width":0,"height":0},"classes":[]},{"id":4202,"url":"https:\/\/civamapicole30.fr\/index.php\/creation-du-cdas\/","url_meta":{"origin":4360,"position":3},"title":"Cr\u00e9ation du &#8220;CDAS&#8221;","author":"Sylvette","date":"20 septembre 2022","format":false,"excerpt":"Le \"CDAS\" mais c'est quoi? Le Comit\u00e9 des Anciens Stagiaires Le Civam Apicole du Gard est une structure d'initiation \u00e0 l'apiculture\u00a0 mais c'est aussi un r\u00e9seau de partage de connaissances, d'informations . Les membres du Conseil d\u2019Administration souhaiteraient aussi qu\u2019il soit un lieu d'\u00e9change sur la pratique apicole, l\u2019actualit\u00e9 et\u2026","rel":"","context":"Article similaire","block_context":{"text":"Article similaire","link":""},"img":{"alt_text":"","src":"https:\/\/i0.wp.com\/civamapicole30.fr\/wp-content\/uploads\/2026\/02\/IMG-20240622-WA0000-192x300.jpg?resize=350%2C200","width":350,"height":200},"classes":[]},{"id":4158,"url":"https:\/\/civamapicole30.fr\/index.php\/rucher-ecole\/formulaire-dadhesion-2023\/","url_meta":{"origin":4360,"position":4},"title":"Adh\u00e9sion 2026","author":"Sylvette","date":"19 septembre 2022","format":false,"excerpt":"Reprise des cours le 7\u00a0 mars 2026","rel":"","context":"Article similaire","block_context":{"text":"Article similaire","link":""},"img":{"alt_text":"","src":"","width":0,"height":0},"classes":[]},{"id":4203,"url":"https:\/\/civamapicole30.fr\/index.php\/rucher-ecole\/4203-2\/","url_meta":{"origin":4360,"position":5},"title":"Adh\u00e9sion de soutien","author":"Sylvette","date":"20 septembre 2022","format":false,"excerpt":"Adh\u00e9sion de soutien\u00a0 de 20 \u20ac pour l'ann\u00e9e 2026 Merci de libeller vos ch\u00e8ques \u00e0 l'ordre du \"Civam Apicole du Gard\" Adh\u00e9sion \u00e0 renvoyer accompagn\u00e9e de votre ch\u00e8que \u00e0: Civam Apicole du Gard Mairie Place de la Mairie\u00a0 30730 Saint Mamert du Gard","rel":"","context":"Article similaire","block_context":{"text":"Article similaire","link":""},"img":{"alt_text":"","src":"","width":0,"height":0},"classes":[]}],"_links":{"self":[{"href":"https:\/\/civamapicole30.fr\/index.php\/wp-json\/wp\/v2\/pages\/4360","targetHints":{"allow":["GET"]}}],"collection":[{"href":"https:\/\/civamapicole30.fr\/index.php\/wp-json\/wp\/v2\/pages"}],"about":[{"href":"https:\/\/civamapicole30.fr\/index.php\/wp-json\/wp\/v2\/types\/page"}],"author":[{"embeddable":true,"href":"https:\/\/civamapicole30.fr\/index.php\/wp-json\/wp\/v2\/users\/12"}],"replies":[{"embeddable":true,"href":"https:\/\/civamapicole30.fr\/index.php\/wp-json\/wp\/v2\/comments?post=4360"}],"version-history":[{"count":10,"href":"https:\/\/civamapicole30.fr\/index.php\/wp-json\/wp\/v2\/pages\/4360\/revisions"}],"predecessor-version":[{"id":4605,"href":"https:\/\/civamapicole30.fr\/index.php\/wp-json\/wp\/v2\/pages\/4360\/revisions\/4605"}],"up":[{"embeddable":true,"href":"https:\/\/civamapicole30.fr\/index.php\/wp-json\/wp\/v2\/pages\/4340"}],"wp:attachment":[{"href":"https:\/\/civamapicole30.fr\/index.php\/wp-json\/wp\/v2\/media?parent=4360"}],"curies":[{"name":"wp","href":"https:\/\/api.w.org\/{rel}","templated":true}]}}