{"id":4220,"date":"2022-09-21T08:39:36","date_gmt":"2022-09-21T07:39:36","guid":{"rendered":"http:\/\/civamapicole30.fr\/?page_id=4220"},"modified":"2025-12-16T09:55:20","modified_gmt":"2025-12-16T08:55:20","slug":"suivez-nous-sur-les-reseaux-sociaux","status":"publish","type":"page","link":"https:\/\/civamapicole30.fr\/index.php\/contacts-2\/suivez-nous-sur-les-reseaux-sociaux\/","title":{"rendered":"Suivez-nous sur les r\u00e9seaux sociaux"},"content":{"rendered":"<p><a href=\"https:\/\/chat.whatsapp.com\/Gr2GUbVpwKhFc5h63FeZnA\" target=\"_blank\" rel=\"noopener\"><img data-recalc-dims=\"1\" loading=\"lazy\" decoding=\"async\" data-attachment-id=\"4221\" data-permalink=\"https:\/\/civamapicole30.fr\/index.php\/contacts-2\/suivez-nous-sur-les-reseaux-sociaux\/3536445-2\/\" data-orig-file=\"https:\/\/i0.wp.com\/civamapicole30.fr\/wp-content\/uploads\/2022\/09\/3536445-1.png?fit=512%2C512&amp;ssl=1\" data-orig-size=\"512,512\" data-comments-opened=\"0\" data-image-meta=\"{&quot;aperture&quot;:&quot;0&quot;,&quot;credit&quot;:&quot;&quot;,&quot;camera&quot;:&quot;&quot;,&quot;caption&quot;:&quot;&quot;,&quot;created_timestamp&quot;:&quot;0&quot;,&quot;copyright&quot;:&quot;&quot;,&quot;focal_length&quot;:&quot;0&quot;,&quot;iso&quot;:&quot;0&quot;,&quot;shutter_speed&quot;:&quot;0&quot;,&quot;title&quot;:&quot;&quot;,&quot;orientation&quot;:&quot;0&quot;}\" data-image-title=\"3536445\" data-image-description=\"\" data-image-caption=\"\" data-large-file=\"https:\/\/i0.wp.com\/civamapicole30.fr\/wp-content\/uploads\/2022\/09\/3536445-1.png?fit=474%2C474&amp;ssl=1\" class=\"wp-image-4221 aligncenter\" src=\"https:\/\/i0.wp.com\/civamapicole30.fr\/wp-content\/uploads\/2022\/09\/3536445-1.png?resize=100%2C88\" alt=\"\" width=\"100\" height=\"88\" \/><\/a><\/p>\n<p>&nbsp;<\/p>\n","protected":false},"excerpt":{"rendered":"<p>&nbsp;<\/p>\n","protected":false},"author":12,"featured_media":0,"parent":4390,"menu_order":4,"comment_status":"closed","ping_status":"closed","template":"","meta":{"jetpack_post_was_ever_published":false,"footnotes":""},"class_list":["post-4220","page","type-page","status-publish","hentry"],"jetpack_sharing_enabled":true,"jetpack_shortlink":"https:\/\/wp.me\/P76iwL-164","jetpack-related-posts":[{"id":4379,"url":"https:\/\/civamapicole30.fr\/index.php\/rucher-ecole\/ou-nous-trouver\/","url_meta":{"origin":4220,"position":0},"title":"O\u00f9 nous trouver","author":"Sylvette","date":"11 mars 2024","format":false,"excerpt":"Sur la commune de Saint Mamert du Gard Pour nous trouver cliquer ICI\u00a0","rel":"","context":"Article similaire","block_context":{"text":"Article similaire","link":""},"img":{"alt_text":"","src":"https:\/\/i0.wp.com\/civamapicole30.fr\/wp-content\/uploads\/2024\/03\/IMG_20211112_081923750-768x576-1-300x225.jpg?resize=350%2C200","width":350,"height":200},"classes":[]},{"id":4340,"url":"https:\/\/civamapicole30.fr\/index.php\/le-civam\/","url_meta":{"origin":4220,"position":1},"title":"LE CIVAM","author":"Sylvette","date":"11 mars 2024","format":false,"excerpt":"LE CIVAM Conseil d\u2019administration Qui sommes nous ? Bureau 2024 R\u00e8glement int\u00e9rieur Les statuts de l\u2019association","rel":"","context":"Article similaire","block_context":{"text":"Article similaire","link":""},"img":{"alt_text":"","src":"","width":0,"height":0},"classes":[]},{"id":4202,"url":"https:\/\/civamapicole30.fr\/index.php\/creation-du-cdas\/","url_meta":{"origin":4220,"position":2},"title":"Cr\u00e9ation du &#8220;CDAS&#8221;","author":"Sylvette","date":"20 septembre 2022","format":false,"excerpt":"Le \"CDAS\" mais c'est quoi? Le Comit\u00e9 des Anciens Stagiaires Le Civam Apicole du Gard est une structure d'initiation \u00e0 l'apiculture\u00a0 mais c'est aussi un r\u00e9seau de partage de connaissances, d'informations . Les membres du Conseil d\u2019Administration souhaiteraient aussi qu\u2019il soit un lieu d'\u00e9change sur la pratique apicole, l\u2019actualit\u00e9 et\u2026","rel":"","context":"Article similaire","block_context":{"text":"Article similaire","link":""},"img":{"alt_text":"","src":"https:\/\/i0.wp.com\/civamapicole30.fr\/wp-content\/uploads\/2026\/02\/IMG-20240622-WA0000-192x300.jpg?resize=350%2C200","width":350,"height":200},"classes":[]},{"id":35,"url":"https:\/\/civamapicole30.fr\/index.php\/le-civam\/les-statuts-de-lassociation\/","url_meta":{"origin":4220,"position":3},"title":"Les statuts de l&#8217;association","author":"CIVAM","date":"17 d\u00e9cembre 2015","format":false,"excerpt":"\u00a0 STATUTS DU CENTRE D'INFORMATION ET DE \u00a0 \u00a0 \u00a0 \u00a0 \u00a0 \u00a0 \u00a0 \u00a0 \u00a0 \u00a0 \u00a0 \u00a0 \u00a0 \u00a0VULGARISATION AGRICOLES ET \u00a0 \u00a0 \u00a0 \u00a0 \u00a0 \u00a0 \u00a0 \u00a0 \u00a0 \u00a0 \u00a0 \u00a0 \u00a0 \u00a0 \u00a0 \u00a0 \u00a0 \u00a0 \u00a0 \u00a0 \u00a0 \u00a0 \u00a0 \u00a0 \u00a0 \u00a0 \u00a0\u2026","rel":"","context":"Article similaire","block_context":{"text":"Article similaire","link":""},"img":{"alt_text":"","src":"","width":0,"height":0},"classes":[]},{"id":48,"url":"https:\/\/civamapicole30.fr\/","url_meta":{"origin":4220,"position":4},"title":"Qui sommes nous ?","author":"CIVAM","date":"17 d\u00e9cembre 2015","format":false,"excerpt":"Les CIVAM (Centres d\u2019initiatives pour valoriser l\u2019agriculture et le milieu rural) sont des groupes d\u2019agriculteurs et de ruraux qui travaillent de mani\u00e8re collective \u00e0 la transition agro\u00e9cologique. Ils constituent un r\u00e9seau de pr\u00e8s de 130 associations qui \u0153uvrent depuis 60 ans pour des campagnes vivantes. La F\u00e9d\u00e9ration R\u00e9gionale des CIVAM\u2026","rel":"","context":"Article similaire","block_context":{"text":"Article similaire","link":""},"img":{"alt_text":"","src":"https:\/\/i0.wp.com\/civamapicole30.fr\/wp-content\/uploads\/2022\/09\/carte-300x249.png?resize=350%2C200","width":350,"height":200},"classes":[]},{"id":46,"url":"https:\/\/civamapicole30.fr\/index.php\/le-civam\/reglement-interieur\/","url_meta":{"origin":4220,"position":5},"title":"R\u00e8glement int\u00e9rieur","author":"CIVAM","date":"17 d\u00e9cembre 2015","format":false,"excerpt":"REGLEMENT INTERIEUR CIVAM apicole du GARD Conform\u00e9ment \u00e0 l'article 14 des statuts, ce r\u00e8glement est destin\u00e9 \u00e0 fixer les divers points non pr\u00e9vus par les statuts, notamment ceux qui ont trait \u00e0 l'administration interne de l'Association. Il pr\u00e9cise son mode de fonctionnement et ce, de fa\u00e7on \u00e0 ce que les\u2026","rel":"","context":"Article similaire","block_context":{"text":"Article similaire","link":""},"img":{"alt_text":"","src":"","width":0,"height":0},"classes":[]}],"_links":{"self":[{"href":"https:\/\/civamapicole30.fr\/index.php\/wp-json\/wp\/v2\/pages\/4220","targetHints":{"allow":["GET"]}}],"collection":[{"href":"https:\/\/civamapicole30.fr\/index.php\/wp-json\/wp\/v2\/pages"}],"about":[{"href":"https:\/\/civamapicole30.fr\/index.php\/wp-json\/wp\/v2\/types\/page"}],"author":[{"embeddable":true,"href":"https:\/\/civamapicole30.fr\/index.php\/wp-json\/wp\/v2\/users\/12"}],"replies":[{"embeddable":true,"href":"https:\/\/civamapicole30.fr\/index.php\/wp-json\/wp\/v2\/comments?post=4220"}],"version-history":[{"count":5,"href":"https:\/\/civamapicole30.fr\/index.php\/wp-json\/wp\/v2\/pages\/4220\/revisions"}],"predecessor-version":[{"id":4611,"href":"https:\/\/civamapicole30.fr\/index.php\/wp-json\/wp\/v2\/pages\/4220\/revisions\/4611"}],"up":[{"embeddable":true,"href":"https:\/\/civamapicole30.fr\/index.php\/wp-json\/wp\/v2\/pages\/4390"}],"wp:attachment":[{"href":"https:\/\/civamapicole30.fr\/index.php\/wp-json\/wp\/v2\/media?parent=4220"}],"curies":[{"name":"wp","href":"https:\/\/api.w.org\/{rel}","templated":true}]}}