{"id":4203,"date":"2022-09-20T17:57:21","date_gmt":"2022-09-20T16:57:21","guid":{"rendered":"http:\/\/civamapicole30.fr\/?page_id=4203"},"modified":"2025-12-16T09:47:20","modified_gmt":"2025-12-16T08:47:20","slug":"4203-2","status":"publish","type":"page","link":"https:\/\/civamapicole30.fr\/index.php\/rucher-ecole\/4203-2\/","title":{"rendered":"Adh\u00e9sion de soutien"},"content":{"rendered":"<h4 style=\"text-align: center;\"><span style=\"color: #ff6600;\">Adh\u00e9sion de soutien\u00a0 de 20 \u20ac pour l&#8217;ann\u00e9e 2026<\/span><\/h4>\n<hr \/>\n<h5><span style=\"color: #ff6600;\">Merci de libeller vos ch\u00e8ques \u00e0 l&#8217;ordre du <em>&#8220;Civam Apicole du Gard&#8221;<\/em><\/span><\/h5>\n<p>Adh\u00e9sion \u00e0 renvoyer accompagn\u00e9e de votre ch\u00e8que \u00e0:<\/p>\n<pre>Civam Apicole du Gard\r\n\r\nMairie\r\n\r\nPlace de la Mairie\u00a0\r\n\r\n30730 Saint Mamert du Gard\r\n\r\n<\/pre>\n\n<div class=\"wpcf7 no-js\" id=\"wpcf7-f4116-o1\" lang=\"fr-FR\" dir=\"ltr\">\n<div class=\"screen-reader-response\"><p role=\"status\" aria-live=\"polite\" aria-atomic=\"true\"><\/p> <ul><\/ul><\/div>\n<form action=\"\/index.php\/wp-json\/wp\/v2\/pages\/4203#wpcf7-f4116-o1\" method=\"post\" class=\"wpcf7-form init\" aria-label=\"Formulaire de contact\" novalidate=\"novalidate\" data-status=\"init\">\n<div style=\"display: none;\">\n<input type=\"hidden\" name=\"_wpcf7\" value=\"4116\" \/>\n<input type=\"hidden\" name=\"_wpcf7_version\" value=\"5.9.3\" \/>\n<input type=\"hidden\" name=\"_wpcf7_locale\" value=\"fr_FR\" \/>\n<input type=\"hidden\" name=\"_wpcf7_unit_tag\" value=\"wpcf7-f4116-o1\" \/>\n<input type=\"hidden\" name=\"_wpcf7_container_post\" value=\"0\" \/>\n<input type=\"hidden\" name=\"_wpcf7_posted_data_hash\" value=\"\" \/>\n<\/div>\n<p><label> Nom<br \/>\n<span class=\"wpcf7-form-control-wrap\" data-name=\"your-name\"><input size=\"40\" class=\"wpcf7-form-control wpcf7-text wpcf7-validates-as-required\" aria-required=\"true\" aria-invalid=\"false\" value=\"\" type=\"text\" name=\"your-name\" \/><\/span> <\/label>\n<\/p>\n<p><label> Pr\u00e9nom<br \/>\n<span class=\"wpcf7-form-control-wrap\" data-name=\"your-name\"><input size=\"40\" class=\"wpcf7-form-control wpcf7-text wpcf7-validates-as-required\" aria-required=\"true\" aria-invalid=\"false\" value=\"\" type=\"text\" name=\"your-name\" \/><\/span> <\/label>\n<\/p>\n<p><label> Adresse<br \/>\n<span class=\"wpcf7-form-control-wrap\" data-name=\"your-name\"><input size=\"40\" class=\"wpcf7-form-control wpcf7-text wpcf7-validates-as-required\" aria-required=\"true\" aria-invalid=\"false\" value=\"\" type=\"text\" name=\"your-name\" \/><\/span> <\/label>\n<\/p>\n<p><label> Ville<br \/>\n<span class=\"wpcf7-form-control-wrap\" data-name=\"your-name\"><input size=\"40\" class=\"wpcf7-form-control wpcf7-text wpcf7-validates-as-required\" aria-required=\"true\" aria-invalid=\"false\" value=\"\" type=\"text\" name=\"your-name\" \/><\/span> <\/label>\n<\/p>\n<p><label> Code postal<br \/>\n<span class=\"wpcf7-form-control-wrap\" data-name=\"your-name\"><input size=\"40\" class=\"wpcf7-form-control wpcf7-text wpcf7-validates-as-required\" aria-required=\"true\" aria-invalid=\"false\" value=\"\" type=\"text\" name=\"your-name\" \/><\/span> <\/label>\n<\/p>\n<p><label> Votre e-mail<br \/>\n<span class=\"wpcf7-form-control-wrap\" data-name=\"your-email\"><input size=\"40\" class=\"wpcf7-form-control wpcf7-email wpcf7-validates-as-required wpcf7-text wpcf7-validates-as-email\" aria-required=\"true\" aria-invalid=\"false\" value=\"\" type=\"email\" name=\"your-email\" \/><\/span> <\/label>\n<\/p>\n<p><label> T\u00e9l\u00e9phone<br \/>\n<span class=\"wpcf7-form-control-wrap\" data-name=\"your-subject\"><input size=\"40\" class=\"wpcf7-form-control wpcf7-text wpcf7-validates-as-required\" aria-required=\"true\" aria-invalid=\"false\" value=\"\" type=\"text\" name=\"your-subject\" \/><\/span> <\/label>\n<\/p>\n<p><label> Avez-vous une exp\u00e9rience de l'apiculture?<br \/>\n<span class=\"wpcf7-form-control-wrap\" data-name=\"your-name\"><input size=\"40\" class=\"wpcf7-form-control wpcf7-text wpcf7-validates-as-required\" aria-required=\"true\" aria-invalid=\"false\" value=\"\" type=\"text\" name=\"your-name\" \/><\/span> <\/label>\n<\/p>\n<p><label> Avez-vous des ruches? Combien?<br \/>\n<span class=\"wpcf7-form-control-wrap\" data-name=\"your-name\"><input size=\"40\" class=\"wpcf7-form-control wpcf7-text wpcf7-validates-as-required\" aria-required=\"true\" aria-invalid=\"false\" value=\"\" type=\"text\" name=\"your-name\" \/><\/span> <\/label>\n<\/p>\n<p><label> Votre message (facultatif)<br \/>\n<span class=\"wpcf7-form-control-wrap\" data-name=\"your-message\"><textarea cols=\"40\" rows=\"10\" class=\"wpcf7-form-control wpcf7-textarea\" aria-invalid=\"false\" name=\"your-message\"><\/textarea><\/span> <\/label>\n<\/p>\n<p><input class=\"wpcf7-form-control wpcf7-submit has-spinner\" type=\"submit\" value=\"Envoyer\" \/>\n<\/p><p style=\"display: none !important;\" class=\"akismet-fields-container\" data-prefix=\"_wpcf7_ak_\"><label>&#916;<textarea name=\"_wpcf7_ak_hp_textarea\" cols=\"45\" rows=\"8\" maxlength=\"100\"><\/textarea><\/label><input type=\"hidden\" id=\"ak_js_1\" name=\"_wpcf7_ak_js\" value=\"24\"\/><script>\ndocument.getElementById( \"ak_js_1\" ).setAttribute( \"value\", ( new Date() ).getTime() );\n<\/script>\n<\/p><div class=\"wpcf7-response-output\" aria-hidden=\"true\"><\/div>\n<\/form>\n<\/div>\n\n","protected":false},"excerpt":{"rendered":"<p>Adh\u00e9sion de soutien\u00a0 de 20 \u20ac pour l&#8217;ann\u00e9e 2026 Merci de libeller vos ch\u00e8ques \u00e0 l&#8217;ordre du &#8220;Civam Apicole du Gard&#8221; Adh\u00e9sion \u00e0 renvoyer accompagn\u00e9e de votre ch\u00e8que \u00e0: Civam Apicole du Gard Mairie Place de la Mairie\u00a0 30730 Saint Mamert du Gard<\/p>\n","protected":false},"author":12,"featured_media":0,"parent":4347,"menu_order":10,"comment_status":"closed","ping_status":"closed","template":"","meta":{"jetpack_post_was_ever_published":false,"footnotes":""},"class_list":["post-4203","page","type-page","status-publish","hentry"],"jetpack_sharing_enabled":true,"jetpack_shortlink":"https:\/\/wp.me\/P76iwL-15N","jetpack-related-posts":[{"id":4202,"url":"https:\/\/civamapicole30.fr\/index.php\/creation-du-cdas\/","url_meta":{"origin":4203,"position":0},"title":"Cr\u00e9ation du &#8220;CDAS&#8221;","author":"Sylvette","date":"20 septembre 2022","format":false,"excerpt":"Le \"CDAS\" mais c'est quoi? Le Comit\u00e9 des Anciens Stagiaires Le Civam Apicole du Gard est une structure d'initiation \u00e0 l'apiculture\u00a0 mais c'est aussi un r\u00e9seau de partage de connaissances, d'informations . Les membres du Conseil d\u2019Administration souhaiteraient aussi qu\u2019il soit un lieu d'\u00e9change sur la pratique apicole, l\u2019actualit\u00e9 et\u2026","rel":"","context":"Article similaire","block_context":{"text":"Article similaire","link":""},"img":{"alt_text":"","src":"https:\/\/i0.wp.com\/civamapicole30.fr\/wp-content\/uploads\/2026\/02\/IMG-20240622-WA0000-192x300.jpg?resize=350%2C200","width":350,"height":200},"classes":[]},{"id":4393,"url":"https:\/\/civamapicole30.fr\/index.php\/contacts-2\/contact-president\/","url_meta":{"origin":4203,"position":1},"title":"Contacter le Pr\u00e9sident","author":"CIVAM","date":"11 mars 2024","format":false,"excerpt":"Pour contacter le Pr\u00e9sident du CIVAM Apicole du Gard merci de compl\u00e9ter le formulaire ci-dessous.","rel":"","context":"Article similaire","block_context":{"text":"Article similaire","link":""},"img":{"alt_text":"","src":"","width":0,"height":0},"classes":[]},{"id":48,"url":"https:\/\/civamapicole30.fr\/","url_meta":{"origin":4203,"position":2},"title":"Qui sommes nous ?","author":"CIVAM","date":"17 d\u00e9cembre 2015","format":false,"excerpt":"Les CIVAM (Centres d\u2019initiatives pour valoriser l\u2019agriculture et le milieu rural) sont des groupes d\u2019agriculteurs et de ruraux qui travaillent de mani\u00e8re collective \u00e0 la transition agro\u00e9cologique. Ils constituent un r\u00e9seau de pr\u00e8s de 130 associations qui \u0153uvrent depuis 60 ans pour des campagnes vivantes. La F\u00e9d\u00e9ration R\u00e9gionale des CIVAM\u2026","rel":"","context":"Article similaire","block_context":{"text":"Article similaire","link":""},"img":{"alt_text":"","src":"https:\/\/i0.wp.com\/civamapicole30.fr\/wp-content\/uploads\/2022\/09\/carte-300x249.png?resize=350%2C200","width":350,"height":200},"classes":[]},{"id":46,"url":"https:\/\/civamapicole30.fr\/index.php\/le-civam\/reglement-interieur\/","url_meta":{"origin":4203,"position":3},"title":"R\u00e8glement int\u00e9rieur","author":"CIVAM","date":"17 d\u00e9cembre 2015","format":false,"excerpt":"REGLEMENT INTERIEUR CIVAM apicole du GARD Conform\u00e9ment \u00e0 l'article 14 des statuts, ce r\u00e8glement est destin\u00e9 \u00e0 fixer les divers points non pr\u00e9vus par les statuts, notamment ceux qui ont trait \u00e0 l'administration interne de l'Association. Il pr\u00e9cise son mode de fonctionnement et ce, de fa\u00e7on \u00e0 ce que les\u2026","rel":"","context":"Article similaire","block_context":{"text":"Article similaire","link":""},"img":{"alt_text":"","src":"","width":0,"height":0},"classes":[]},{"id":35,"url":"https:\/\/civamapicole30.fr\/index.php\/le-civam\/les-statuts-de-lassociation\/","url_meta":{"origin":4203,"position":4},"title":"Les statuts de l&#8217;association","author":"CIVAM","date":"17 d\u00e9cembre 2015","format":false,"excerpt":"\u00a0 STATUTS DU CENTRE D'INFORMATION ET DE \u00a0 \u00a0 \u00a0 \u00a0 \u00a0 \u00a0 \u00a0 \u00a0 \u00a0 \u00a0 \u00a0 \u00a0 \u00a0 \u00a0VULGARISATION AGRICOLES ET \u00a0 \u00a0 \u00a0 \u00a0 \u00a0 \u00a0 \u00a0 \u00a0 \u00a0 \u00a0 \u00a0 \u00a0 \u00a0 \u00a0 \u00a0 \u00a0 \u00a0 \u00a0 \u00a0 \u00a0 \u00a0 \u00a0 \u00a0 \u00a0 \u00a0 \u00a0 \u00a0\u2026","rel":"","context":"Article similaire","block_context":{"text":"Article similaire","link":""},"img":{"alt_text":"","src":"","width":0,"height":0},"classes":[]},{"id":4403,"url":"https:\/\/civamapicole30.fr\/index.php\/plan-du-site\/","url_meta":{"origin":4203,"position":5},"title":"Plan du site","author":"CIVAM","date":"11 mars 2024","format":false,"excerpt":"","rel":"","context":"Article similaire","block_context":{"text":"Article similaire","link":""},"img":{"alt_text":"","src":"","width":0,"height":0},"classes":[]}],"_links":{"self":[{"href":"https:\/\/civamapicole30.fr\/index.php\/wp-json\/wp\/v2\/pages\/4203","targetHints":{"allow":["GET"]}}],"collection":[{"href":"https:\/\/civamapicole30.fr\/index.php\/wp-json\/wp\/v2\/pages"}],"about":[{"href":"https:\/\/civamapicole30.fr\/index.php\/wp-json\/wp\/v2\/types\/page"}],"author":[{"embeddable":true,"href":"https:\/\/civamapicole30.fr\/index.php\/wp-json\/wp\/v2\/users\/12"}],"replies":[{"embeddable":true,"href":"https:\/\/civamapicole30.fr\/index.php\/wp-json\/wp\/v2\/comments?post=4203"}],"version-history":[{"count":6,"href":"https:\/\/civamapicole30.fr\/index.php\/wp-json\/wp\/v2\/pages\/4203\/revisions"}],"predecessor-version":[{"id":4608,"href":"https:\/\/civamapicole30.fr\/index.php\/wp-json\/wp\/v2\/pages\/4203\/revisions\/4608"}],"up":[{"embeddable":true,"href":"https:\/\/civamapicole30.fr\/index.php\/wp-json\/wp\/v2\/pages\/4347"}],"wp:attachment":[{"href":"https:\/\/civamapicole30.fr\/index.php\/wp-json\/wp\/v2\/media?parent=4203"}],"curies":[{"name":"wp","href":"https:\/\/api.w.org\/{rel}","templated":true}]}}