{"id":4158,"date":"2022-09-19T09:16:40","date_gmt":"2022-09-19T08:16:40","guid":{"rendered":"http:\/\/civamapicole30.fr\/?page_id=4158"},"modified":"2025-12-16T09:46:16","modified_gmt":"2025-12-16T08:46:16","slug":"formulaire-dadhesion-2023","status":"publish","type":"page","link":"https:\/\/civamapicole30.fr\/index.php\/rucher-ecole\/formulaire-dadhesion-2023\/","title":{"rendered":"Adh\u00e9sion 2026"},"content":{"rendered":"<h3 style=\"text-align: center;\"><span style=\"color: #ff6600;\">Reprise des cours le 7\u00a0 mars 2026<\/span><\/h3>\n<div class=\"wptb-container-legacy\" data-table-id=\"4138\">\n    <table class=\"wptb-preview-table wptb-element-main-table_setting-4138\" data-reconstraction=\"1\" style=\"border: 1px solid rgb(209, 209, 209);\" data-wptb-table-tds-sum-max-width=\"677\" data-wptb-horizontal-scroll-status=\"false\" data-wptb-extra-styles=\"LyogRW50ZXIgeW91ciBjdXN0b20gQ1NTIHJ1bGVzIGhlcmUgKi8=\" role=\"table\" data-wptb-header-background-color=\"#B8E986FF\" data-table-columns=\"4\" data-wptb-td-width-auto=\"10\"><tbody><tr class=\"wptb-row\" style=\"background-color: rgb(184, 233, 134);\"><td class=\"wptb-cell\" style=\"border: 1px solid rgb(209, 209, 209); height: 50px; padding: 9px; width: 150px;\" data-x-index=\"0\" data-y-index=\"0\"><div class=\"wptb-text-container wptb-ph-element wptb-element-text-54\" style=\"color: rgb(74, 85, 104); font-size: 20px;\"><div class=\"\" style=\"position: relative;\"><p style=\"text-align: center;\" class=\"\"><strong>Adhesion de soutien<\/strong><br><\/p><p><\/p><\/div><\/div><\/td><td class=\"wptb-cell\" style=\"border: 1px solid rgb(209, 209, 209); padding: 9px; height: 50px; width: 150px;\" data-x-index=\"1\" data-y-index=\"0\"><div class=\"wptb-text-container wptb-ph-element wptb-element-text-68\" style=\"color: rgb(74, 85, 104); font-size: 20px;\"><div class=\"\" style=\"position: relative;\"><p style=\"text-align: center;\"><strong>Adh\u00e9sion <\/strong><\/p><p style=\"text-align: center;\"><strong>+ cours<\/strong><\/p><\/div><\/div><\/td><td class=\"wptb-cell\" style=\"border: 1px solid rgb(209, 209, 209); height: 50px; padding: 9px; width: 150px;\" data-x-index=\"2\" data-y-index=\"0\"><div class=\"wptb-text-container wptb-ph-element wptb-element-text-58\" style=\"color: rgb(74, 85, 104); font-size: 19px;\"><div class=\"\" style=\"position: relative;\"><p style=\"text-align: center;\" class=\"\"><strong>Adh\u00e9sion <\/strong><\/p><p style=\"text-align: center;\" class=\"\"><strong>de soutien<\/strong><\/p><\/div><\/div><\/td><td class=\"wptb-cell\" style=\"border: 1px solid rgb(209, 209, 209); width: 150px; height: 50px; padding: 9px;\" data-x-index=\"3\" data-y-index=\"0\"><div class=\"wptb-text-container wptb-ph-element wptb-element-text-64\" style=\"color: rgb(74, 85, 104); font-size: 20px;\"><div class=\"\" style=\"position: relative;\"><p class=\"\" style=\"text-align: center;\"><strong>Adh\u00e9sion&nbsp;<\/strong><\/p><p class=\"\" style=\"text-align: center;\"><strong>+ cours<\/strong><\/p><\/div><\/div><\/td><\/tr><tr class=\"wptb-row\"><td class=\"wptb-cell\" style=\"border: 1px solid rgb(209, 209, 209); padding: 9px; width: 150px;\" data-x-index=\"0\" data-y-index=\"1\"><div class=\"wptb-button-container wptb-ph-element wptb-element-button-1\"><div class=\"wptb-button-wrapper wptb-size-m\" style=\"justify-content: center;\">            <a id=\"\" target=\"_blank\" data-wptb-link-enable-convert-relative=\"false\" href=\"https:\/\/wp.me\/P76iwL-15N\" class=\"\">                <div class=\"wptb-button wptb-plugin-button-order-left\" style=\"position: relative; border-radius: 5px; background-color: rgb(245, 166, 35); color: rgb(255, 255, 255); justify-content: center; transform: scale(1);\" data-wptb-element-bg-color=\"#F5A623FF\" data-wptb-element-color=\"#FFFFFF\" data-wptb-element-hover-bg-color=\"#7ED321FF\" data-wptb-element-hover-text-color=\"null\" data-wptb-element-hover-scale=\"1\"><p style=\"font-size: 14px;\">Ch\u00e8que<\/p><div class=\"wptb-button-icon\" data-wptb-button-icon-src=\"\" data-wptb-element-hover-bg-color=\"#7ED321FF\" data-wptb-element-hover-text-color=\"null\" data-wptb-element-hover-scale=\"1\" style=\"width: 15px; height: 15px;\"><br><\/div><\/div>            <\/a>        <\/div><\/div><\/td><td class=\"wptb-cell\" style=\"border: 1px solid rgb(209, 209, 209); padding: 9px; width: 150px;\" data-x-index=\"1\" data-y-index=\"1\"><div class=\"wptb-button-container wptb-ph-element wptb-element-button-4\"><div class=\"wptb-button-wrapper wptb-size-m\" style=\"justify-content: center;\">            <a href=\"https:\/\/wp.me\/P76iwL-15x\" target=\"_blank\">                <div class=\"wptb-button wptb-plugin-button-order-left\" style=\"position: relative; border-radius: 5px; background-color: rgb(245, 166, 35); color: rgb(255, 255, 255); justify-content: center; transform: scale(1);\" data-wptb-element-bg-color=\"#F5A623FF\" data-wptb-element-color=\"#FFFFFF\" data-wptb-element-hover-bg-color=\"#7ED321FF\" data-wptb-element-hover-text-color=\"null\" data-wptb-element-hover-scale=\"1\"><p style=\"font-size: 15px;\">Ch\u00e8que<\/p><div class=\"wptb-button-icon\" data-wptb-button-icon-src=\"\" data-wptb-element-hover-bg-color=\"#7ED321FF\" data-wptb-element-hover-text-color=\"null\" data-wptb-element-hover-scale=\"1\" style=\"width: 25px; height: 25px;\"><br><\/div><\/div>            <\/a>        <\/div><\/div><\/td><td class=\"wptb-cell\" style=\"border: 1px solid rgb(209, 209, 209); padding: 9px; width: 150px;\" data-x-index=\"2\" data-y-index=\"1\"><div class=\"wptb-button-container wptb-ph-element wptb-element-button-3\"><div class=\"wptb-button-wrapper wptb-size-m\" style=\"justify-content: center;\">            <a class=\"\" href=\"https:\/\/www.helloasso.com\/associations\/civam-apicole-du-gard\/adhesions\/bulletin-d-adhesion-civam-apicole-du-gard-2023?_ga=2.240175491.1603471640.1663164561-963948666.1656422696&amp;_gac=1.262528382.1663245414.Cj0KCQjwmouZBhDSARIsALYcouowvuA6vdOLA8N5JrekDcQ-fL_V-0bA1SL6BkEZbrAeK4W39cB4sPQaAorJEALw_wcB&amp;_gl=1%2azp19d6%2a_ga%2aOTYzOTQ4NjY2LjE2NTY0MjI2OTY.%2a_ga_TKC826G3G2%2aMTY2MzI0NDA0MS40LjEuMTY2MzI0NzUwOC4wLjAuMA..\" target=\"_blank\">                <div class=\"wptb-button wptb-plugin-button-order-left\" style=\"position: relative; border-radius: 5px; background-color: rgb(245, 166, 35); color: rgb(255, 255, 255); justify-content: center; transform: scale(1);\" data-wptb-element-bg-color=\"#F5A623FF\" data-wptb-element-color=\"#FFFFFF\" data-wptb-element-hover-bg-color=\"#7ED321FF\" data-wptb-element-hover-text-color=\"null\" data-wptb-element-hover-scale=\"1\"><p style=\"font-size: 15px;\">En ligne<\/p><div class=\"wptb-button-icon\" data-wptb-button-icon-src=\"\" data-wptb-element-hover-bg-color=\"#7ED321FF\" data-wptb-element-hover-text-color=\"null\" data-wptb-element-hover-scale=\"1\" style=\"width: 25px; height: 25px;\"><br><\/div><\/div>            <\/a>        <\/div><\/div><\/td><td class=\"wptb-cell\" style=\"border: 1px solid rgb(209, 209, 209); width: 150px; padding: 9px;\" data-x-index=\"3\" data-y-index=\"1\"><div class=\"wptb-button-container wptb-ph-element wptb-element-button-2\"><div class=\"wptb-button-wrapper wptb-size-m\" style=\"justify-content: center;\">            <a class=\"\" target=\"_blank\" href=\"https:\/\/www.helloasso.com\/associations\/civam-apicole-du-gard\/adhesions\/adhesion-et-cours?_ga=2.125253194.1390617672.1663520265-963948666.1656422696&amp;_gac=1.255848954.1663245414.Cj0KCQjwmouZBhDSARIsALYcouowvuA6vdOLA8N5JrekDcQ-fL_V-0bA1SL6BkEZbrAeK4W39cB4sPQaAorJEALw_wcB&amp;_gl=1%2aucm4yu%2a_ga%2aOTYzOTQ4NjY2LjE2NTY0MjI2OTY.%2a_ga_TKC826G3G2%2aMTY2MzY4ODc4Ni4xMC4xLjE2NjM2OTA2NjcuMC4wLjA.\">                <div class=\"wptb-button wptb-plugin-button-order-left\" style=\"position: relative; border-radius: 5px; background-color: rgb(245, 166, 35); color: rgb(255, 255, 255); justify-content: center; transform: scale(1);\" data-wptb-element-bg-color=\"#F5A623FF\" data-wptb-element-color=\"#FFFFFF\" data-wptb-element-hover-bg-color=\"#7ED321FF\" data-wptb-element-hover-text-color=\"null\" data-wptb-element-hover-scale=\"1\"><p style=\"font-size: 15px;\">En ligne<\/p><div class=\"wptb-button-icon\" data-wptb-button-icon-src=\"\" data-wptb-element-hover-bg-color=\"#7ED321FF\" data-wptb-element-hover-text-color=\"null\" data-wptb-element-hover-scale=\"1\" style=\"width: 100px; height: 100px;\"><br><\/div><\/div>            <\/a>        <\/div><\/div><\/td><\/tr><tr class=\"wptb-row\"><td class=\"wptb-cell\" style=\"border: 1px solid rgb(209, 209, 209); padding: 9px; height: 118px; width: 150px;\" data-x-index=\"0\" data-y-index=\"2\"><div class=\"wptb-image-container wptb-ph-element wptb-element-image-5\" data-wptb-image-alignment=\"center\"><div class=\"wptb-image-wrapper\">            <a style=\"display: block; width: 89%;\">                                <img data-recalc-dims=\"1\" loading=\"lazy\" decoding=\"async\" class=\"wptb-image-element-target\" height=\"163\" width=\"290\" src=\"https:\/\/i0.wp.com\/civamapicole30.fr\/wp-content\/uploads\/2022\/09\/cheque.png?resize=290%2C163\" style=\"width: 100%;\">            <\/a>        <\/div><\/div><\/td><td class=\"wptb-cell\" style=\"border: 1px solid rgb(209, 209, 209); padding: 9px; width: 150px;\" data-x-index=\"1\" data-y-index=\"2\"><div class=\"wptb-image-container wptb-ph-element wptb-element-image-7\" data-wptb-image-alignment=\"center\"><div class=\"wptb-image-wrapper\">            <a style=\"display: block; width: 84%;\" class=\"\">                                <img data-recalc-dims=\"1\" loading=\"lazy\" decoding=\"async\" class=\"wptb-image-element-target\" height=\"163\" width=\"290\" src=\"https:\/\/i0.wp.com\/civamapicole30.fr\/wp-content\/uploads\/2022\/09\/cheque.png?resize=290%2C163\" style=\"width: 100%;\">            <\/a>        <\/div><\/div><\/td><td class=\"wptb-cell\" style=\"border: 1px solid rgb(209, 209, 209); padding: 9px; height: 118px; width: 150px;\" data-x-index=\"2\" data-y-index=\"2\"><div class=\"wptb-image-container wptb-ph-element wptb-element-image-4\" data-wptb-image-alignment=\"center\"><div class=\"wptb-image-wrapper\">            <a style=\"display: block; width: 86%;\" class=\"\">                                <img data-recalc-dims=\"1\" loading=\"lazy\" decoding=\"async\" class=\"wptb-image-element-target\" height=\"159\" width=\"318\" src=\"https:\/\/i0.wp.com\/civamapicole30.fr\/wp-content\/uploads\/2022\/09\/HELLOASSO.png?resize=318%2C159\" style=\"width: 100%;\">            <\/a>        <\/div><\/div><\/td><td class=\"wptb-cell\" style=\"border: 1px solid rgb(209, 209, 209); width: 150px; padding: 9px; height: 118px;\" data-x-index=\"3\" data-y-index=\"2\"><div class=\"wptb-image-container wptb-ph-element wptb-element-image-2\" data-wptb-image-alignment=\"center\"><div class=\"wptb-image-wrapper\">            <a style=\"display: block; width: 86%;\" target=\"_self\" class=\"\">                                <img data-recalc-dims=\"1\" loading=\"lazy\" decoding=\"async\" class=\"wptb-image-element-target\" height=\"159\" width=\"318\" src=\"https:\/\/i0.wp.com\/civamapicole30.fr\/wp-content\/uploads\/2022\/09\/HELLOASSO.png?resize=318%2C159\" style=\"width: 100%;\">            <\/a>        <\/div><\/div><\/td><\/tr><\/tbody><\/table>\n<\/div>\n\n","protected":false},"excerpt":{"rendered":"<p>Reprise des cours le 7\u00a0 mars 2026<\/p>\n","protected":false},"author":12,"featured_media":0,"parent":4347,"menu_order":3,"comment_status":"closed","ping_status":"closed","template":"","meta":{"footnotes":""},"class_list":["post-4158","page","type-page","status-publish","hentry"],"jetpack_sharing_enabled":true,"jetpack_shortlink":"https:\/\/wp.me\/P76iwL-154","jetpack-related-posts":[{"id":4203,"url":"https:\/\/civamapicole30.fr\/index.php\/rucher-ecole\/4203-2\/","url_meta":{"origin":4158,"position":0},"title":"Adh\u00e9sion de soutien","author":"Sylvette","date":"20 septembre 2022","format":false,"excerpt":"Adh\u00e9sion de soutien\u00a0 de 20 \u20ac pour l'ann\u00e9e 2026 Merci de libeller vos ch\u00e8ques \u00e0 l'ordre du \"Civam Apicole du Gard\" Adh\u00e9sion \u00e0 renvoyer accompagn\u00e9e de votre ch\u00e8que \u00e0: Civam Apicole du Gard Mairie Place de la Mairie\u00a0 30730 Saint Mamert du Gard","rel":"","context":"Article similaire","block_context":{"text":"Article similaire","link":""},"img":{"alt_text":"","src":"","width":0,"height":0},"classes":[]},{"id":4202,"url":"https:\/\/civamapicole30.fr\/index.php\/creation-du-cdas\/","url_meta":{"origin":4158,"position":1},"title":"Cr\u00e9ation du &#8220;CDAS&#8221;","author":"Sylvette","date":"20 septembre 2022","format":false,"excerpt":"Le \"CDAS\" mais c'est quoi? Le Comit\u00e9 des Anciens Stagiaires Le Civam Apicole du Gard est une structure d'initiation \u00e0 l'apiculture\u00a0 mais c'est aussi un r\u00e9seau de partage de connaissances, d'informations . Les membres du Conseil d\u2019Administration souhaiteraient aussi qu\u2019il soit un lieu d'\u00e9change sur la pratique apicole, l\u2019actualit\u00e9 et\u2026","rel":"","context":"Article similaire","block_context":{"text":"Article similaire","link":""},"img":{"alt_text":"","src":"https:\/\/i0.wp.com\/civamapicole30.fr\/wp-content\/uploads\/2026\/02\/IMG-20240622-WA0000-192x300.jpg?resize=350%2C200","width":350,"height":200},"classes":[]},{"id":46,"url":"https:\/\/civamapicole30.fr\/index.php\/le-civam\/reglement-interieur\/","url_meta":{"origin":4158,"position":2},"title":"R\u00e8glement int\u00e9rieur","author":"CIVAM","date":"17 d\u00e9cembre 2015","format":false,"excerpt":"REGLEMENT INTERIEUR CIVAM apicole du GARD Conform\u00e9ment \u00e0 l'article 14 des statuts, ce r\u00e8glement est destin\u00e9 \u00e0 fixer les divers points non pr\u00e9vus par les statuts, notamment ceux qui ont trait \u00e0 l'administration interne de l'Association. Il pr\u00e9cise son mode de fonctionnement et ce, de fa\u00e7on \u00e0 ce que les\u2026","rel":"","context":"Article similaire","block_context":{"text":"Article similaire","link":""},"img":{"alt_text":"","src":"","width":0,"height":0},"classes":[]},{"id":2672,"url":"https:\/\/civamapicole30.fr\/index.php\/le-civam\/bureau-2026\/","url_meta":{"origin":4158,"position":3},"title":"Bureau 2026","author":"Sylvette","date":"15 d\u00e9cembre 2019","format":false,"excerpt":"","rel":"","context":"Article similaire","block_context":{"text":"Article similaire","link":""},"img":{"alt_text":"","src":"","width":0,"height":0},"classes":[]},{"id":4360,"url":"https:\/\/civamapicole30.fr\/index.php\/le-civam\/conseil-dadministration\/","url_meta":{"origin":4158,"position":4},"title":"Conseil d&#8217;administration","author":"Sylvette","date":"11 mars 2024","format":false,"excerpt":"Conseil d'administration 2026","rel":"","context":"Article similaire","block_context":{"text":"Article similaire","link":""},"img":{"alt_text":"","src":"","width":0,"height":0},"classes":[]},{"id":4393,"url":"https:\/\/civamapicole30.fr\/index.php\/contacts-2\/contact-president\/","url_meta":{"origin":4158,"position":5},"title":"Contacter le Pr\u00e9sident","author":"CIVAM","date":"11 mars 2024","format":false,"excerpt":"Pour contacter le Pr\u00e9sident du CIVAM Apicole du Gard merci de compl\u00e9ter le formulaire ci-dessous.","rel":"","context":"Article similaire","block_context":{"text":"Article similaire","link":""},"img":{"alt_text":"","src":"","width":0,"height":0},"classes":[]}],"_links":{"self":[{"href":"https:\/\/civamapicole30.fr\/index.php\/wp-json\/wp\/v2\/pages\/4158","targetHints":{"allow":["GET"]}}],"collection":[{"href":"https:\/\/civamapicole30.fr\/index.php\/wp-json\/wp\/v2\/pages"}],"about":[{"href":"https:\/\/civamapicole30.fr\/index.php\/wp-json\/wp\/v2\/types\/page"}],"author":[{"embeddable":true,"href":"https:\/\/civamapicole30.fr\/index.php\/wp-json\/wp\/v2\/users\/12"}],"replies":[{"embeddable":true,"href":"https:\/\/civamapicole30.fr\/index.php\/wp-json\/wp\/v2\/comments?post=4158"}],"version-history":[{"count":14,"href":"https:\/\/civamapicole30.fr\/index.php\/wp-json\/wp\/v2\/pages\/4158\/revisions"}],"predecessor-version":[{"id":4607,"href":"https:\/\/civamapicole30.fr\/index.php\/wp-json\/wp\/v2\/pages\/4158\/revisions\/4607"}],"up":[{"embeddable":true,"href":"https:\/\/civamapicole30.fr\/index.php\/wp-json\/wp\/v2\/pages\/4347"}],"wp:attachment":[{"href":"https:\/\/civamapicole30.fr\/index.php\/wp-json\/wp\/v2\/media?parent=4158"}],"curies":[{"name":"wp","href":"https:\/\/api.w.org\/{rel}","templated":true}]}}