{"id":4084,"date":"2022-09-15T16:23:26","date_gmt":"2022-09-15T15:23:26","guid":{"rendered":"http:\/\/civamapicole30.fr\/?page_id=4084"},"modified":"2024-03-11T18:23:59","modified_gmt":"2024-03-11T17:23:59","slug":"reglementation","status":"publish","type":"page","link":"https:\/\/civamapicole30.fr\/index.php\/rucher-ecole\/reglementation\/","title":{"rendered":"R\u00e9glementation"},"content":{"rendered":"<div class=\"fsn-row full-width-row fsn-69e7743f4dad5 light\" style=\"background-repeat:repeat;background-position:left top;background-attachment:scroll;background-size:auto;\"><div class=\"container-fluid\"><div class=\"row\"><div class=\"col-sm-12\"><div class=\"fsn-column-inner fsn-69e7743f4db4b light\"><div class=\"fsn-text fsn-69e7743f4db87\">\n<p>D\u00e9tenir des ruches vous soumet \u00e0 la r\u00e9glementation en vigueur pour vous prot\u00e9ger, prot\u00e9ger vos voisins et \u00e9viter les accidents.<\/p>\n<p>l&#8217;UNAF, l&#8217;Union Nationale de l&#8217;Apiculture Fran\u00e7aise \u00e0 r\u00e9alis\u00e9 une fiche pratique pour pr\u00e9senter la r\u00e9glementation en vigueur<\/p>\n<p style=\"text-align: center;\">Vous pourrez retrouver toutes les informations via ce lien<\/p>\n<p>&nbsp;<\/p>\n<p><a href=\"https:\/\/www.unaf-apiculture.info\/la-pratique-de-l-apiculture\/informations-reglementaires.html\" target=\"_blank\" rel=\"noopener\"><img data-recalc-dims=\"1\" loading=\"lazy\" decoding=\"async\" data-attachment-id=\"4091\" data-permalink=\"https:\/\/civamapicole30.fr\/index.php\/rucher-ecole\/reglementation\/unaf-logo_rvb-2014-petit-3\/\" data-orig-file=\"https:\/\/i0.wp.com\/civamapicole30.fr\/wp-content\/uploads\/2022\/09\/UNAF-LOGO_RVB-2014-petit-3.jpg?fit=169%2C200&amp;ssl=1\" data-orig-size=\"169,200\" data-comments-opened=\"0\" data-image-meta=\"{&quot;aperture&quot;:&quot;0&quot;,&quot;credit&quot;:&quot;&quot;,&quot;camera&quot;:&quot;&quot;,&quot;caption&quot;:&quot;&quot;,&quot;created_timestamp&quot;:&quot;0&quot;,&quot;copyright&quot;:&quot;&quot;,&quot;focal_length&quot;:&quot;0&quot;,&quot;iso&quot;:&quot;0&quot;,&quot;shutter_speed&quot;:&quot;0&quot;,&quot;title&quot;:&quot;&quot;,&quot;orientation&quot;:&quot;0&quot;}\" data-image-title=\"UNAF LOGO_RVB 2014 petit\" data-image-description=\"\" data-image-caption=\"\" data-large-file=\"https:\/\/i0.wp.com\/civamapicole30.fr\/wp-content\/uploads\/2022\/09\/UNAF-LOGO_RVB-2014-petit-3.jpg?fit=169%2C200&amp;ssl=1\" class=\"alignnone wp-image-4091 aligncenter\" src=\"https:\/\/i0.wp.com\/civamapicole30.fr\/wp-content\/uploads\/2022\/09\/UNAF-LOGO_RVB-2014-petit-3.jpg?resize=70%2C67\" alt=\"\" width=\"70\" height=\"67\" \/><\/a><\/p>\n<\/div><\/div><\/div><\/div><\/div><\/div>\n","protected":false},"excerpt":{"rendered":"","protected":false},"author":12,"featured_media":0,"parent":4347,"menu_order":5,"comment_status":"closed","ping_status":"closed","template":"","meta":{"jetpack_post_was_ever_published":false,"footnotes":""},"class_list":["post-4084","page","type-page","status-publish","hentry"],"jetpack_sharing_enabled":true,"jetpack_shortlink":"https:\/\/wp.me\/P76iwL-13S","jetpack-related-posts":[{"id":4390,"url":"https:\/\/civamapicole30.fr\/index.php\/contacts-2\/","url_meta":{"origin":4084,"position":0},"title":"CONTACTS","author":"CIVAM","date":"11 mars 2024","format":false,"excerpt":"","rel":"","context":"Article similaire","block_context":{"text":"Article similaire","link":""},"img":{"alt_text":"","src":"","width":0,"height":0},"classes":[]},{"id":4355,"url":"https:\/\/civamapicole30.fr\/index.php\/les-abeilles\/","url_meta":{"origin":4084,"position":1},"title":"LES ABEILLES","author":"Sylvette","date":"11 mars 2024","format":false,"excerpt":"","rel":"","context":"Article similaire","block_context":{"text":"Article similaire","link":""},"img":{"alt_text":"Reconnaitre l 'abeille api mellifera","src":"https:\/\/i0.wp.com\/civamapicole30.fr\/wp-content\/uploads\/2024\/04\/IMG-20230515-WA0002-212x300.jpg?resize=350%2C200","width":350,"height":200},"classes":[]},{"id":1810,"url":"https:\/\/civamapicole30.fr\/index.php\/sos-essaim-dabeilles\/pour-trouver-un-apiculteur-pres-de-chez-vous\/","url_meta":{"origin":4084,"position":2},"title":"Pour trouver un apiculteur pr\u00e9s de chez vous","author":"Sylvette","date":"28 janvier 2017","format":false,"excerpt":"Pour trouver un apiculteur pr\u00e9s de chez vous \u00a0\u00a0cliquer ici\u00a0 Pour Les apiculteurs qui veulent\u00a0faire partie des cueilleurs et s'inscrire\u00a0cliquez ici","rel":"","context":"Article similaire","block_context":{"text":"Article similaire","link":""},"img":{"alt_text":"","src":"","width":0,"height":0},"classes":[]},{"id":4202,"url":"https:\/\/civamapicole30.fr\/index.php\/creation-du-cdas\/","url_meta":{"origin":4084,"position":3},"title":"Cr\u00e9ation du &#8220;CDAS&#8221;","author":"Sylvette","date":"20 septembre 2022","format":false,"excerpt":"Le \"CDAS\" mais c'est quoi? Le Comit\u00e9 des Anciens Stagiaires Le Civam Apicole du Gard est une structure d'initiation \u00e0 l'apiculture\u00a0 mais c'est aussi un r\u00e9seau de partage de connaissances, d'informations . Les membres du Conseil d\u2019Administration souhaiteraient aussi qu\u2019il soit un lieu d'\u00e9change sur la pratique apicole, l\u2019actualit\u00e9 et\u2026","rel":"","context":"Article similaire","block_context":{"text":"Article similaire","link":""},"img":{"alt_text":"","src":"https:\/\/i0.wp.com\/civamapicole30.fr\/wp-content\/uploads\/2026\/02\/IMG-20240622-WA0000-192x300.jpg?resize=350%2C200","width":350,"height":200},"classes":[]},{"id":645,"url":"https:\/\/civamapicole30.fr\/index.php\/sos-essaim-dabeilles\/","url_meta":{"origin":4084,"position":4},"title":"SOS ABEILLES, ESSAIM","author":"CIVAM","date":"9 juin 2016","format":false,"excerpt":"\u00a0Il arrive au printemps, qu'une partie de la population d'une ruche la quitte, pour aller fonder une nouvelle colonie ailleurs. L'essaim ainsi constitu\u00e9 cherche un emplacement parfois dans votre jardin, votre chemin\u00e9e, derri\u00e8re des volets. Pour les non-apiculteurs c'est un voisinage peu appr\u00e9ci\u00e9. Les abeilles appartiennent \u00e0 une esp\u00e8ce prot\u00e9g\u00e9e\u2026","rel":"","context":"Article similaire","block_context":{"text":"Article similaire","link":""},"img":{"alt_text":"","src":"https:\/\/i0.wp.com\/civamapicole30.fr\/wp-content\/uploads\/2022\/09\/essaim.webp?resize=350%2C200","width":350,"height":200},"classes":[]},{"id":15,"url":"https:\/\/civamapicole30.fr\/index.php\/rucher-ecole\/test-de-page\/","url_meta":{"origin":4084,"position":5},"title":"Photos Rucher-\u00e9cole","author":"CIVAM","date":"3 octobre 2015","format":false,"excerpt":"\u00a0 \u00a0 \u00a0 \u00a0 \u00a0 \u00a0 \u00a0 \u00a0 \u00a0 \u00a0 \u00a0 \u00a0 \u00a0 \u00a0 \u00a0 \u00a0 \u00a0 \u00a0 \u00a0 \u00a0 \u00a0 \u00a0 \u00a0 \u00a0 \u00a0 \u00a0 \u00a0 \u00a0 \u00a0 \u00a0 \u00a0 \u00a0 \u00a0 \u00a0 \u00a0 \u00a0 \u00a0 \u00a0 \u00a0 \u00a0 \u00a0 \u00a0 \u00a0 \u00a0 \u00a0 \u00a0 \u00a0 \u00a0 \u00a0 \u00a0\u2026","rel":"","context":"Article similaire","block_context":{"text":"Article similaire","link":""},"img":{"alt_text":"","src":"https:\/\/i0.wp.com\/civamapicole30.fr\/wp-content\/uploads\/2026\/02\/20250412_135129-135x300.jpg?resize=350%2C200","width":350,"height":200},"classes":[]}],"_links":{"self":[{"href":"https:\/\/civamapicole30.fr\/index.php\/wp-json\/wp\/v2\/pages\/4084","targetHints":{"allow":["GET"]}}],"collection":[{"href":"https:\/\/civamapicole30.fr\/index.php\/wp-json\/wp\/v2\/pages"}],"about":[{"href":"https:\/\/civamapicole30.fr\/index.php\/wp-json\/wp\/v2\/types\/page"}],"author":[{"embeddable":true,"href":"https:\/\/civamapicole30.fr\/index.php\/wp-json\/wp\/v2\/users\/12"}],"replies":[{"embeddable":true,"href":"https:\/\/civamapicole30.fr\/index.php\/wp-json\/wp\/v2\/comments?post=4084"}],"version-history":[{"count":5,"href":"https:\/\/civamapicole30.fr\/index.php\/wp-json\/wp\/v2\/pages\/4084\/revisions"}],"predecessor-version":[{"id":4094,"href":"https:\/\/civamapicole30.fr\/index.php\/wp-json\/wp\/v2\/pages\/4084\/revisions\/4094"}],"up":[{"embeddable":true,"href":"https:\/\/civamapicole30.fr\/index.php\/wp-json\/wp\/v2\/pages\/4347"}],"wp:attachment":[{"href":"https:\/\/civamapicole30.fr\/index.php\/wp-json\/wp\/v2\/media?parent=4084"}],"curies":[{"name":"wp","href":"https:\/\/api.w.org\/{rel}","templated":true}]}}