{"id":1810,"date":"2017-01-28T18:45:18","date_gmt":"2017-01-28T17:45:18","guid":{"rendered":"http:\/\/civamapicole30.fr\/?page_id=1810"},"modified":"2017-01-28T18:45:18","modified_gmt":"2017-01-28T17:45:18","slug":"pour-trouver-un-apiculteur-pres-de-chez-vous","status":"publish","type":"page","link":"https:\/\/civamapicole30.fr\/index.php\/sos-essaim-dabeilles\/pour-trouver-un-apiculteur-pres-de-chez-vous\/","title":{"rendered":"Pour trouver un apiculteur pr\u00e9s de chez vous"},"content":{"rendered":"<h3><span style=\"color: #0000ff;\">Pour trouver un apiculteur pr\u00e9s de chez vous<\/span> \u00a0<a href=\"https:\/\/www.google.com\/maps\/d\/viewer?mid=1ganF4L1_FmJhoj37dPC2Ge7hUp8&amp;ll=44.15123541366479%2C4.2774581999999555&amp;z=9\" target=\"_blank\">\u00a0cliquer ici\u00a0<\/a><\/h3>\n<div><\/div>\n<h3><span style=\"color: #0000ff;\">Pour Les apiculteurs qui veulent\u00a0faire partie des cueilleurs et s&#8217;inscrire<\/span>\u00a0<a href=\"https:\/\/docs.google.com\/forms\/d\/e\/1FAIpQLSfUL2_ggdOWgZOCoPGGHEvhaAw9lfFMJ4hecD98qz1hXC39dQ\/viewform\">cliquez ici<\/a><\/h3>\n","protected":false},"excerpt":{"rendered":"<p>Pour trouver un apiculteur pr\u00e9s de chez vous \u00a0\u00a0cliquer ici\u00a0 Pour Les apiculteurs qui veulent\u00a0faire partie des cueilleurs et s&#8217;inscrire\u00a0cliquez ici<\/p>\n","protected":false},"author":12,"featured_media":0,"parent":645,"menu_order":0,"comment_status":"closed","ping_status":"closed","template":"","meta":{"jetpack_post_was_ever_published":false,"footnotes":""},"class_list":["post-1810","page","type-page","status-publish","hentry"],"jetpack_sharing_enabled":true,"jetpack_shortlink":"https:\/\/wp.me\/P76iwL-tc","jetpack-related-posts":[{"id":645,"url":"https:\/\/civamapicole30.fr\/index.php\/sos-essaim-dabeilles\/","url_meta":{"origin":1810,"position":0},"title":"SOS ABEILLES, ESSAIM","author":"CIVAM","date":"9 juin 2016","format":false,"excerpt":"\u00a0Il arrive au printemps, qu'une partie de la population d'une ruche la quitte, pour aller fonder une nouvelle colonie ailleurs. L'essaim ainsi constitu\u00e9 cherche un emplacement parfois dans votre jardin, votre chemin\u00e9e, derri\u00e8re des volets. Pour les non-apiculteurs c'est un voisinage peu appr\u00e9ci\u00e9. Les abeilles appartiennent \u00e0 une esp\u00e8ce prot\u00e9g\u00e9e\u2026","rel":"","context":"Article similaire","block_context":{"text":"Article similaire","link":""},"img":{"alt_text":"","src":"https:\/\/i0.wp.com\/civamapicole30.fr\/wp-content\/uploads\/2022\/09\/essaim.webp?resize=350%2C200","width":350,"height":200},"classes":[]},{"id":4379,"url":"https:\/\/civamapicole30.fr\/index.php\/rucher-ecole\/ou-nous-trouver\/","url_meta":{"origin":1810,"position":1},"title":"O\u00f9 nous trouver","author":"Sylvette","date":"11 mars 2024","format":false,"excerpt":"Sur la commune de Saint Mamert du Gard Pour nous trouver cliquer ICI\u00a0","rel":"","context":"Article similaire","block_context":{"text":"Article similaire","link":""},"img":{"alt_text":"","src":"https:\/\/i0.wp.com\/civamapicole30.fr\/wp-content\/uploads\/2024\/03\/IMG_20211112_081923750-768x576-1-300x225.jpg?resize=350%2C200","width":350,"height":200},"classes":[]},{"id":48,"url":"https:\/\/civamapicole30.fr\/","url_meta":{"origin":1810,"position":2},"title":"Qui sommes nous ?","author":"CIVAM","date":"17 d\u00e9cembre 2015","format":false,"excerpt":"Les CIVAM (Centres d\u2019initiatives pour valoriser l\u2019agriculture et le milieu rural) sont des groupes d\u2019agriculteurs et de ruraux qui travaillent de mani\u00e8re collective \u00e0 la transition agro\u00e9cologique. Ils constituent un r\u00e9seau de pr\u00e8s de 130 associations qui \u0153uvrent depuis 60 ans pour des campagnes vivantes. La F\u00e9d\u00e9ration R\u00e9gionale des CIVAM\u2026","rel":"","context":"Article similaire","block_context":{"text":"Article similaire","link":""},"img":{"alt_text":"","src":"https:\/\/i0.wp.com\/civamapicole30.fr\/wp-content\/uploads\/2022\/09\/carte-300x249.png?resize=350%2C200","width":350,"height":200},"classes":[]},{"id":4202,"url":"https:\/\/civamapicole30.fr\/index.php\/creation-du-cdas\/","url_meta":{"origin":1810,"position":3},"title":"Cr\u00e9ation du &#8220;CDAS&#8221;","author":"Sylvette","date":"20 septembre 2022","format":false,"excerpt":"Le \"CDAS\" mais c'est quoi? Le Comit\u00e9 des Anciens Stagiaires Le Civam Apicole du Gard est une structure d'initiation \u00e0 l'apiculture\u00a0 mais c'est aussi un r\u00e9seau de partage de connaissances, d'informations . Les membres du Conseil d\u2019Administration souhaiteraient aussi qu\u2019il soit un lieu d'\u00e9change sur la pratique apicole, l\u2019actualit\u00e9 et\u2026","rel":"","context":"Article similaire","block_context":{"text":"Article similaire","link":""},"img":{"alt_text":"","src":"https:\/\/i0.wp.com\/civamapicole30.fr\/wp-content\/uploads\/2026\/02\/IMG-20240622-WA0000-192x300.jpg?resize=350%2C200","width":350,"height":200},"classes":[]},{"id":4084,"url":"https:\/\/civamapicole30.fr\/index.php\/rucher-ecole\/reglementation\/","url_meta":{"origin":1810,"position":4},"title":"R\u00e9glementation","author":"Sylvette","date":"15 septembre 2022","format":false,"excerpt":"","rel":"","context":"Article similaire","block_context":{"text":"Article similaire","link":""},"img":{"alt_text":"","src":"https:\/\/i0.wp.com\/civamapicole30.fr\/wp-content\/uploads\/2022\/09\/UNAF-LOGO_RVB-2014-petit-3.jpg?resize=350%2C200","width":350,"height":200},"classes":[]},{"id":46,"url":"https:\/\/civamapicole30.fr\/index.php\/le-civam\/reglement-interieur\/","url_meta":{"origin":1810,"position":5},"title":"R\u00e8glement int\u00e9rieur","author":"CIVAM","date":"17 d\u00e9cembre 2015","format":false,"excerpt":"REGLEMENT INTERIEUR CIVAM apicole du GARD Conform\u00e9ment \u00e0 l'article 14 des statuts, ce r\u00e8glement est destin\u00e9 \u00e0 fixer les divers points non pr\u00e9vus par les statuts, notamment ceux qui ont trait \u00e0 l'administration interne de l'Association. Il pr\u00e9cise son mode de fonctionnement et ce, de fa\u00e7on \u00e0 ce que les\u2026","rel":"","context":"Article similaire","block_context":{"text":"Article similaire","link":""},"img":{"alt_text":"","src":"","width":0,"height":0},"classes":[]}],"_links":{"self":[{"href":"https:\/\/civamapicole30.fr\/index.php\/wp-json\/wp\/v2\/pages\/1810","targetHints":{"allow":["GET"]}}],"collection":[{"href":"https:\/\/civamapicole30.fr\/index.php\/wp-json\/wp\/v2\/pages"}],"about":[{"href":"https:\/\/civamapicole30.fr\/index.php\/wp-json\/wp\/v2\/types\/page"}],"author":[{"embeddable":true,"href":"https:\/\/civamapicole30.fr\/index.php\/wp-json\/wp\/v2\/users\/12"}],"replies":[{"embeddable":true,"href":"https:\/\/civamapicole30.fr\/index.php\/wp-json\/wp\/v2\/comments?post=1810"}],"version-history":[{"count":1,"href":"https:\/\/civamapicole30.fr\/index.php\/wp-json\/wp\/v2\/pages\/1810\/revisions"}],"predecessor-version":[{"id":1811,"href":"https:\/\/civamapicole30.fr\/index.php\/wp-json\/wp\/v2\/pages\/1810\/revisions\/1811"}],"up":[{"embeddable":true,"href":"https:\/\/civamapicole30.fr\/index.php\/wp-json\/wp\/v2\/pages\/645"}],"wp:attachment":[{"href":"https:\/\/civamapicole30.fr\/index.php\/wp-json\/wp\/v2\/media?parent=1810"}],"curies":[{"name":"wp","href":"https:\/\/api.w.org\/{rel}","templated":true}]}}