{"id":4403,"date":"2024-03-11T17:44:28","date_gmt":"2024-03-11T16:44:28","guid":{"rendered":"http:\/\/civamapicole30.fr\/?page_id=4403"},"modified":"2024-03-11T18:33:13","modified_gmt":"2024-03-11T17:33:13","slug":"plan-du-site","status":"publish","type":"page","link":"http:\/\/civamapicole30.fr\/index.php\/plan-du-site\/","title":{"rendered":"Plan du site"},"content":{"rendered":"<div class=\"wsp-container\"><h2 class=\"wsp-pages-title\">Pages<\/h2>\n<ul class=\"wsp-pages-list\">\n<li class=\"page_item page-item-4340 page_item_has_children\"><a href=\"http:\/\/civamapicole30.fr\/index.php\/le-civam\/\">LE CIVAM<\/a>\n<ul class='children'>\n\t<li class=\"page_item page-item-48\"><a href=\"http:\/\/civamapicole30.fr\/\">Qui sommes nous ?<\/a><\/li>\n\t<li class=\"page_item page-item-4360\"><a href=\"http:\/\/civamapicole30.fr\/index.php\/le-civam\/conseil-dadministration\/\">Conseil d&#8217;administration<\/a><\/li>\n\t<li class=\"page_item page-item-2672\"><a href=\"http:\/\/civamapicole30.fr\/index.php\/le-civam\/bureau-2026\/\">Bureau 2026<\/a><\/li>\n\t<li class=\"page_item page-item-46\"><a href=\"http:\/\/civamapicole30.fr\/index.php\/le-civam\/reglement-interieur\/\">R\u00e8glement int\u00e9rieur<\/a><\/li>\n\t<li class=\"page_item page-item-35\"><a href=\"http:\/\/civamapicole30.fr\/index.php\/le-civam\/les-statuts-de-lassociation\/\">Les statuts de l&#8217;association<\/a><\/li>\n<\/ul>\n<\/li>\n<li class=\"page_item page-item-4355\"><a href=\"http:\/\/civamapicole30.fr\/index.php\/les-abeilles\/\">LES ABEILLES<\/a><\/li>\n<li class=\"page_item page-item-4438\"><a href=\"http:\/\/civamapicole30.fr\/index.php\/photos\/\">photos<\/a><\/li>\n<li class=\"page_item page-item-4347 page_item_has_children\"><a href=\"http:\/\/civamapicole30.fr\/index.php\/rucher-ecole\/\">RUCHER ECOLE<\/a>\n<ul class='children'>\n\t<li class=\"page_item page-item-4659\"><a href=\"http:\/\/civamapicole30.fr\/index.php\/rucher-ecole\/fiche-inscription\/\">FICHE INSCRIPTION<\/a><\/li>\n\t<li class=\"page_item page-item-4379\"><a href=\"http:\/\/civamapicole30.fr\/index.php\/rucher-ecole\/ou-nous-trouver\/\">O\u00f9 nous trouver<\/a><\/li>\n\t<li class=\"page_item page-item-4652\"><a href=\"http:\/\/civamapicole30.fr\/index.php\/rucher-ecole\/inscription-rucher-ecole\/\">RENSEIGNEMENT  RUCHER ECOLE<\/a><\/li>\n\t<li class=\"page_item page-item-4158\"><a href=\"http:\/\/civamapicole30.fr\/index.php\/rucher-ecole\/formulaire-dadhesion-2023\/\">Adh\u00e9sion 2026<\/a><\/li>\n\t<li class=\"page_item page-item-4519\"><a href=\"http:\/\/civamapicole30.fr\/index.php\/rucher-ecole\/bibliotheque\/\">Biblioth\u00e8que<\/a><\/li>\n\t<li class=\"page_item page-item-4413\"><a href=\"http:\/\/civamapicole30.fr\/index.php\/rucher-ecole\/4413-2\/\">Mat\u00e9riel d&#8217;apiculture<\/a><\/li>\n\t<li class=\"page_item page-item-4084\"><a href=\"http:\/\/civamapicole30.fr\/index.php\/rucher-ecole\/reglementation\/\">R\u00e9glementation<\/a><\/li>\n\t<li class=\"page_item page-item-15\"><a href=\"http:\/\/civamapicole30.fr\/index.php\/rucher-ecole\/test-de-page\/\">Photos Rucher-\u00e9cole<\/a><\/li>\n\t<li class=\"page_item page-item-4203\"><a href=\"http:\/\/civamapicole30.fr\/index.php\/rucher-ecole\/4203-2\/\">Adh\u00e9sion de soutien<\/a><\/li>\n<\/ul>\n<\/li>\n<li class=\"page_item page-item-4202\"><a href=\"http:\/\/civamapicole30.fr\/index.php\/creation-du-cdas\/\">Cr\u00e9ation du &#8220;CDAS&#8221;<\/a><\/li>\n<li class=\"page_item page-item-645 page_item_has_children\"><a href=\"http:\/\/civamapicole30.fr\/index.php\/sos-essaim-dabeilles\/\">SOS ABEILLES, ESSAIM<\/a>\n<ul class='children'>\n\t<li class=\"page_item page-item-1810\"><a href=\"http:\/\/civamapicole30.fr\/index.php\/sos-essaim-dabeilles\/pour-trouver-un-apiculteur-pres-de-chez-vous\/\">Pour trouver un apiculteur pr\u00e9s de chez vous<\/a><\/li>\n<\/ul>\n<\/li>\n<li class=\"page_item page-item-4390 page_item_has_children\"><a href=\"http:\/\/civamapicole30.fr\/index.php\/contacts-2\/\">CONTACTS<\/a>\n<ul class='children'>\n\t<li class=\"page_item page-item-4393\"><a href=\"http:\/\/civamapicole30.fr\/index.php\/contacts-2\/contact-president\/\">Contacter le Pr\u00e9sident<\/a><\/li>\n\t<li class=\"page_item page-item-4398\"><a href=\"http:\/\/civamapicole30.fr\/index.php\/contacts-2\/contacter-la-secretaire\/\">Contacter la secr\u00e9taire<\/a><\/li>\n\t<li class=\"page_item page-item-4220\"><a href=\"http:\/\/civamapicole30.fr\/index.php\/contacts-2\/suivez-nous-sur-les-reseaux-sociaux\/\">Suivez-nous sur les r\u00e9seaux sociaux<\/a><\/li>\n\t<li class=\"page_item page-item-263\"><a href=\"http:\/\/civamapicole30.fr\/index.php\/contacts-2\/abonnement-newletter\/\">Abonnement Newletters<\/a><\/li>\n<\/ul>\n<\/li>\n<li class=\"page_item page-item-4403\"><a href=\"http:\/\/civamapicole30.fr\/index.php\/plan-du-site\/\">Plan du site<\/a><\/li>\n<\/ul>\n<\/div>\n","protected":false},"excerpt":{"rendered":"","protected":false},"author":1,"featured_media":0,"parent":0,"menu_order":7,"comment_status":"closed","ping_status":"closed","template":"","meta":{"jetpack_post_was_ever_published":false,"footnotes":""},"class_list":["post-4403","page","type-page","status-publish","hentry"],"jetpack_sharing_enabled":true,"jetpack_shortlink":"https:\/\/wp.me\/P76iwL-191","jetpack-related-posts":[{"id":15,"url":"http:\/\/civamapicole30.fr\/index.php\/rucher-ecole\/test-de-page\/","url_meta":{"origin":4403,"position":0},"title":"Photos Rucher-\u00e9cole","author":"CIVAM","date":"3 octobre 2015","format":false,"excerpt":"\u00a0 \u00a0 \u00a0 \u00a0 \u00a0 \u00a0 \u00a0 \u00a0 \u00a0 \u00a0 \u00a0 \u00a0 \u00a0 \u00a0 \u00a0 \u00a0 \u00a0 \u00a0 \u00a0 \u00a0 \u00a0 \u00a0 \u00a0 \u00a0 \u00a0 \u00a0 \u00a0 \u00a0 \u00a0 \u00a0 \u00a0 \u00a0 \u00a0 \u00a0 \u00a0 \u00a0 \u00a0 \u00a0 \u00a0 \u00a0 \u00a0 \u00a0 \u00a0 \u00a0 \u00a0 \u00a0 \u00a0 \u00a0 \u00a0 \u00a0\u2026","rel":"","context":"Article similaire","block_context":{"text":"Article similaire","link":""},"img":{"alt_text":"","src":"https:\/\/i0.wp.com\/civamapicole30.fr\/wp-content\/uploads\/2026\/02\/20250412_135129-135x300.jpg?resize=350%2C200","width":350,"height":200},"classes":[]},{"id":46,"url":"http:\/\/civamapicole30.fr\/index.php\/le-civam\/reglement-interieur\/","url_meta":{"origin":4403,"position":1},"title":"R\u00e8glement int\u00e9rieur","author":"CIVAM","date":"17 d\u00e9cembre 2015","format":false,"excerpt":"REGLEMENT INTERIEUR CIVAM apicole du GARD Conform\u00e9ment \u00e0 l'article 14 des statuts, ce r\u00e8glement est destin\u00e9 \u00e0 fixer les divers points non pr\u00e9vus par les statuts, notamment ceux qui ont trait \u00e0 l'administration interne de l'Association. Il pr\u00e9cise son mode de fonctionnement et ce, de fa\u00e7on \u00e0 ce que les\u2026","rel":"","context":"Article similaire","block_context":{"text":"Article similaire","link":""},"img":{"alt_text":"","src":"","width":0,"height":0},"classes":[]},{"id":4203,"url":"http:\/\/civamapicole30.fr\/index.php\/rucher-ecole\/4203-2\/","url_meta":{"origin":4403,"position":2},"title":"Adh\u00e9sion de soutien","author":"Sylvette","date":"20 septembre 2022","format":false,"excerpt":"Adh\u00e9sion de soutien\u00a0 de 20 \u20ac pour l'ann\u00e9e 2026 Merci de libeller vos ch\u00e8ques \u00e0 l'ordre du \"Civam Apicole du Gard\" Adh\u00e9sion \u00e0 renvoyer accompagn\u00e9e de votre ch\u00e8que \u00e0: Civam Apicole du Gard Mairie Place de la Mairie\u00a0 30730 Saint Mamert du Gard","rel":"","context":"Article similaire","block_context":{"text":"Article similaire","link":""},"img":{"alt_text":"","src":"","width":0,"height":0},"classes":[]},{"id":4202,"url":"http:\/\/civamapicole30.fr\/index.php\/creation-du-cdas\/","url_meta":{"origin":4403,"position":3},"title":"Cr\u00e9ation du &#8220;CDAS&#8221;","author":"Sylvette","date":"20 septembre 2022","format":false,"excerpt":"Le \"CDAS\" mais c'est quoi? Le Comit\u00e9 des Anciens Stagiaires Le Civam Apicole du Gard est une structure d'initiation \u00e0 l'apiculture\u00a0 mais c'est aussi un r\u00e9seau de partage de connaissances, d'informations . Les membres du Conseil d\u2019Administration souhaiteraient aussi qu\u2019il soit un lieu d'\u00e9change sur la pratique apicole, l\u2019actualit\u00e9 et\u2026","rel":"","context":"Article similaire","block_context":{"text":"Article similaire","link":""},"img":{"alt_text":"","src":"https:\/\/i0.wp.com\/civamapicole30.fr\/wp-content\/uploads\/2026\/02\/IMG-20240622-WA0000-192x300.jpg?resize=350%2C200","width":350,"height":200},"classes":[]},{"id":35,"url":"http:\/\/civamapicole30.fr\/index.php\/le-civam\/les-statuts-de-lassociation\/","url_meta":{"origin":4403,"position":4},"title":"Les statuts de l&#8217;association","author":"CIVAM","date":"17 d\u00e9cembre 2015","format":false,"excerpt":"\u00a0 STATUTS DU CENTRE D'INFORMATION ET DE \u00a0 \u00a0 \u00a0 \u00a0 \u00a0 \u00a0 \u00a0 \u00a0 \u00a0 \u00a0 \u00a0 \u00a0 \u00a0 \u00a0VULGARISATION AGRICOLES ET \u00a0 \u00a0 \u00a0 \u00a0 \u00a0 \u00a0 \u00a0 \u00a0 \u00a0 \u00a0 \u00a0 \u00a0 \u00a0 \u00a0 \u00a0 \u00a0 \u00a0 \u00a0 \u00a0 \u00a0 \u00a0 \u00a0 \u00a0 \u00a0 \u00a0 \u00a0 \u00a0\u2026","rel":"","context":"Article similaire","block_context":{"text":"Article similaire","link":""},"img":{"alt_text":"","src":"","width":0,"height":0},"classes":[]},{"id":4393,"url":"http:\/\/civamapicole30.fr\/index.php\/contacts-2\/contact-president\/","url_meta":{"origin":4403,"position":5},"title":"Contacter le Pr\u00e9sident","author":"CIVAM","date":"11 mars 2024","format":false,"excerpt":"Pour contacter le Pr\u00e9sident du CIVAM Apicole du Gard merci de compl\u00e9ter le formulaire ci-dessous.","rel":"","context":"Article similaire","block_context":{"text":"Article similaire","link":""},"img":{"alt_text":"","src":"","width":0,"height":0},"classes":[]}],"_links":{"self":[{"href":"http:\/\/civamapicole30.fr\/index.php\/wp-json\/wp\/v2\/pages\/4403","targetHints":{"allow":["GET"]}}],"collection":[{"href":"http:\/\/civamapicole30.fr\/index.php\/wp-json\/wp\/v2\/pages"}],"about":[{"href":"http:\/\/civamapicole30.fr\/index.php\/wp-json\/wp\/v2\/types\/page"}],"author":[{"embeddable":true,"href":"http:\/\/civamapicole30.fr\/index.php\/wp-json\/wp\/v2\/users\/1"}],"replies":[{"embeddable":true,"href":"http:\/\/civamapicole30.fr\/index.php\/wp-json\/wp\/v2\/comments?post=4403"}],"version-history":[{"count":2,"href":"http:\/\/civamapicole30.fr\/index.php\/wp-json\/wp\/v2\/pages\/4403\/revisions"}],"predecessor-version":[{"id":4407,"href":"http:\/\/civamapicole30.fr\/index.php\/wp-json\/wp\/v2\/pages\/4403\/revisions\/4407"}],"wp:attachment":[{"href":"http:\/\/civamapicole30.fr\/index.php\/wp-json\/wp\/v2\/media?parent=4403"}],"curies":[{"name":"wp","href":"https:\/\/api.w.org\/{rel}","templated":true}]}}