{"id":4347,"date":"2024-03-11T10:18:56","date_gmt":"2024-03-11T09:18:56","guid":{"rendered":"https:\/\/civamapicole30.fr\/?page_id=4347"},"modified":"2026-02-10T09:14:53","modified_gmt":"2026-02-10T08:14:53","slug":"rucher-ecole","status":"publish","type":"page","link":"http:\/\/civamapicole30.fr\/index.php\/rucher-ecole\/","title":{"rendered":"RUCHER ECOLE"},"content":{"rendered":"<p><a href=\"http:\/\/civamapicole30.fr\/wp-content\/uploads\/2026\/02\/Copie-de-CIVAM-PLANNING-2026-2-8-1.pdf\">Copie de CIVAM PLANNING 2026 (2) (8)<\/a><\/p>\n","protected":false},"excerpt":{"rendered":"<p>Copie de CIVAM PLANNING 2026 (2) (8)<\/p>\n","protected":false},"author":12,"featured_media":0,"parent":0,"menu_order":1,"comment_status":"closed","ping_status":"closed","template":"","meta":{"jetpack_post_was_ever_published":false,"footnotes":""},"class_list":["post-4347","page","type-page","status-publish","hentry"],"jetpack_sharing_enabled":true,"jetpack_shortlink":"https:\/\/wp.me\/P76iwL-187","jetpack-related-posts":[{"id":4203,"url":"http:\/\/civamapicole30.fr\/index.php\/rucher-ecole\/4203-2\/","url_meta":{"origin":4347,"position":0},"title":"Adh\u00e9sion de soutien","author":"Sylvette","date":"20 septembre 2022","format":false,"excerpt":"Adh\u00e9sion de soutien\u00a0 de 20 \u20ac pour l'ann\u00e9e 2026 Merci de libeller vos ch\u00e8ques \u00e0 l'ordre du \"Civam Apicole du Gard\" Adh\u00e9sion \u00e0 renvoyer accompagn\u00e9e de votre ch\u00e8que \u00e0: Civam Apicole du Gard Mairie Place de la Mairie\u00a0 30730 Saint Mamert du Gard","rel":"","context":"Article similaire","block_context":{"text":"Article similaire","link":""},"img":{"alt_text":"","src":"","width":0,"height":0},"classes":[]},{"id":15,"url":"http:\/\/civamapicole30.fr\/index.php\/rucher-ecole\/test-de-page\/","url_meta":{"origin":4347,"position":1},"title":"Photos Rucher-\u00e9cole","author":"CIVAM","date":"3 octobre 2015","format":false,"excerpt":"\u00a0 \u00a0 \u00a0 \u00a0 \u00a0 \u00a0 \u00a0 \u00a0 \u00a0 \u00a0 \u00a0 \u00a0 \u00a0 \u00a0 \u00a0 \u00a0 \u00a0 \u00a0 \u00a0 \u00a0 \u00a0 \u00a0 \u00a0 \u00a0 \u00a0 \u00a0 \u00a0 \u00a0 \u00a0 \u00a0 \u00a0 \u00a0 \u00a0 \u00a0 \u00a0 \u00a0 \u00a0 \u00a0 \u00a0 \u00a0 \u00a0 \u00a0 \u00a0 \u00a0 \u00a0 \u00a0 \u00a0 \u00a0 \u00a0 \u00a0\u2026","rel":"","context":"Article similaire","block_context":{"text":"Article similaire","link":""},"img":{"alt_text":"","src":"https:\/\/i0.wp.com\/civamapicole30.fr\/wp-content\/uploads\/2026\/02\/20250412_135129-135x300.jpg?resize=350%2C200","width":350,"height":200},"classes":[]},{"id":4413,"url":"http:\/\/civamapicole30.fr\/index.php\/rucher-ecole\/4413-2\/","url_meta":{"origin":4347,"position":2},"title":"Mat\u00e9riel d&#8217;apiculture","author":"CIVAM","date":"11 mars 2024","format":false,"excerpt":"\u00c9tablissements Ickowicz Zone d'activit\u00e9 A\u00e9rop\u00f4le 4 Rond-point de l'A\u00e9rop\u00f4le, 30128 Garons 04 66 71 59 41 THOMAS Apiculture ZA Saint Michel 6 bis rue Gustave Eiffel 34770 Gigean France","rel":"","context":"Article similaire","block_context":{"text":"Article similaire","link":""},"img":{"alt_text":"","src":"https:\/\/i0.wp.com\/civamapicole30.fr\/wp-content\/uploads\/2022\/09\/icko.webp?resize=350%2C200","width":350,"height":200},"classes":[]},{"id":4659,"url":"http:\/\/civamapicole30.fr\/index.php\/rucher-ecole\/fiche-inscription\/","url_meta":{"origin":4347,"position":3},"title":"FICHE INSCRIPTION","author":"Sylvette","date":"17 f\u00e9vrier 2026","format":false,"excerpt":"merci de remplir la fiche afin de la renvoyer http:\/\/civamapicole30.fr\/wp-content\/uploads\/2026\/02\/FICHE-INSCRIPTION-2026-2.pdf","rel":"","context":"Article similaire","block_context":{"text":"Article similaire","link":""},"img":{"alt_text":"","src":"","width":0,"height":0},"classes":[]},{"id":46,"url":"http:\/\/civamapicole30.fr\/index.php\/le-civam\/reglement-interieur\/","url_meta":{"origin":4347,"position":4},"title":"R\u00e8glement int\u00e9rieur","author":"CIVAM","date":"17 d\u00e9cembre 2015","format":false,"excerpt":"REGLEMENT INTERIEUR CIVAM apicole du GARD Conform\u00e9ment \u00e0 l'article 14 des statuts, ce r\u00e8glement est destin\u00e9 \u00e0 fixer les divers points non pr\u00e9vus par les statuts, notamment ceux qui ont trait \u00e0 l'administration interne de l'Association. Il pr\u00e9cise son mode de fonctionnement et ce, de fa\u00e7on \u00e0 ce que les\u2026","rel":"","context":"Article similaire","block_context":{"text":"Article similaire","link":""},"img":{"alt_text":"","src":"","width":0,"height":0},"classes":[]},{"id":4158,"url":"http:\/\/civamapicole30.fr\/index.php\/rucher-ecole\/formulaire-dadhesion-2023\/","url_meta":{"origin":4347,"position":5},"title":"Adh\u00e9sion 2026","author":"Sylvette","date":"19 septembre 2022","format":false,"excerpt":"Reprise des cours le 7\u00a0 mars 2026","rel":"","context":"Article similaire","block_context":{"text":"Article similaire","link":""},"img":{"alt_text":"","src":"","width":0,"height":0},"classes":[]}],"_links":{"self":[{"href":"http:\/\/civamapicole30.fr\/index.php\/wp-json\/wp\/v2\/pages\/4347","targetHints":{"allow":["GET"]}}],"collection":[{"href":"http:\/\/civamapicole30.fr\/index.php\/wp-json\/wp\/v2\/pages"}],"about":[{"href":"http:\/\/civamapicole30.fr\/index.php\/wp-json\/wp\/v2\/types\/page"}],"author":[{"embeddable":true,"href":"http:\/\/civamapicole30.fr\/index.php\/wp-json\/wp\/v2\/users\/12"}],"replies":[{"embeddable":true,"href":"http:\/\/civamapicole30.fr\/index.php\/wp-json\/wp\/v2\/comments?post=4347"}],"version-history":[{"count":3,"href":"http:\/\/civamapicole30.fr\/index.php\/wp-json\/wp\/v2\/pages\/4347\/revisions"}],"predecessor-version":[{"id":4633,"href":"http:\/\/civamapicole30.fr\/index.php\/wp-json\/wp\/v2\/pages\/4347\/revisions\/4633"}],"wp:attachment":[{"href":"http:\/\/civamapicole30.fr\/index.php\/wp-json\/wp\/v2\/media?parent=4347"}],"curies":[{"name":"wp","href":"https:\/\/api.w.org\/{rel}","templated":true}]}}