{"id":4202,"date":"2022-09-20T17:58:29","date_gmt":"2022-09-20T16:58:29","guid":{"rendered":"http:\/\/civamapicole30.fr\/?page_id=4202"},"modified":"2026-02-10T09:41:15","modified_gmt":"2026-02-10T08:41:15","slug":"creation-du-cdas","status":"publish","type":"page","link":"http:\/\/civamapicole30.fr\/index.php\/creation-du-cdas\/","title":{"rendered":"Cr\u00e9ation du &#8220;CDAS&#8221;"},"content":{"rendered":"<p style=\"text-align: center;\"><span style=\"color: #ff6600;\"><strong><img data-recalc-dims=\"1\" loading=\"lazy\" decoding=\"async\" data-attachment-id=\"4644\" data-permalink=\"http:\/\/civamapicole30.fr\/index.php\/creation-du-cdas\/img-20240622-wa0000\/\" data-orig-file=\"https:\/\/i0.wp.com\/civamapicole30.fr\/wp-content\/uploads\/2026\/02\/IMG-20240622-WA0000.jpg?fit=1313%2C2048\" data-orig-size=\"1313,2048\" data-comments-opened=\"0\" data-image-meta=\"{&quot;aperture&quot;:&quot;0&quot;,&quot;credit&quot;:&quot;&quot;,&quot;camera&quot;:&quot;&quot;,&quot;caption&quot;:&quot;&quot;,&quot;created_timestamp&quot;:&quot;0&quot;,&quot;copyright&quot;:&quot;&quot;,&quot;focal_length&quot;:&quot;0&quot;,&quot;iso&quot;:&quot;0&quot;,&quot;shutter_speed&quot;:&quot;0&quot;,&quot;title&quot;:&quot;&quot;,&quot;orientation&quot;:&quot;0&quot;}\" data-image-title=\"IMG-20240622-WA0000\" data-image-description=\"\" data-image-caption=\"\" data-large-file=\"https:\/\/i0.wp.com\/civamapicole30.fr\/wp-content\/uploads\/2026\/02\/IMG-20240622-WA0000.jpg?fit=474%2C739\" class=\"alignnone size-medium wp-image-4644\" src=\"https:\/\/i0.wp.com\/civamapicole30.fr\/wp-content\/uploads\/2026\/02\/IMG-20240622-WA0000.jpg?resize=192%2C300\" alt=\"\" width=\"192\" height=\"300\" srcset=\"https:\/\/i0.wp.com\/civamapicole30.fr\/wp-content\/uploads\/2026\/02\/IMG-20240622-WA0000.jpg?resize=192%2C300 192w, https:\/\/i0.wp.com\/civamapicole30.fr\/wp-content\/uploads\/2026\/02\/IMG-20240622-WA0000.jpg?resize=657%2C1024 657w, https:\/\/i0.wp.com\/civamapicole30.fr\/wp-content\/uploads\/2026\/02\/IMG-20240622-WA0000.jpg?resize=768%2C1198 768w, https:\/\/i0.wp.com\/civamapicole30.fr\/wp-content\/uploads\/2026\/02\/IMG-20240622-WA0000.jpg?resize=640%2C998 640w, https:\/\/i0.wp.com\/civamapicole30.fr\/wp-content\/uploads\/2026\/02\/IMG-20240622-WA0000.jpg?resize=600%2C936 600w, https:\/\/i0.wp.com\/civamapicole30.fr\/wp-content\/uploads\/2026\/02\/IMG-20240622-WA0000.jpg?resize=985%2C1536 985w, https:\/\/i0.wp.com\/civamapicole30.fr\/wp-content\/uploads\/2026\/02\/IMG-20240622-WA0000.jpg?resize=300%2C468 300w, https:\/\/i0.wp.com\/civamapicole30.fr\/wp-content\/uploads\/2026\/02\/IMG-20240622-WA0000.jpg?w=1313 1313w\" sizes=\"auto, (max-width: 192px) 100vw, 192px\" \/>Le <em>&#8220;CDAS&#8221; mais c&#8217;est quoi?<\/em><\/strong><\/span><\/p>\n<p>Le Comit\u00e9 des Anciens Stagiaires<\/p>\n<p>Le Civam Apicole du Gard est une structure d&#8217;initiation \u00e0 l&#8217;apiculture\u00a0 mais c&#8217;est aussi un r\u00e9seau de partage de connaissances, d&#8217;informations .<\/p>\n<p>Les membres du Conseil d\u2019Administration souhaiteraient aussi qu\u2019il soit un lieu d&#8217;\u00e9change sur la pratique apicole, l\u2019actualit\u00e9 et les crises que l\u2019apiculture peut subir en lien avec le r\u00e9chauffement climatique, le frelon asiatique, les maladies de la ruche\u2026<\/p>\n<h3 style=\"text-align: center;\"><span style=\"color: #ff6600;\"><strong>Un r\u00e9seau d&#8217;entraide. <\/strong><\/span><\/h3>\n<p>Nombre de vous rapportent leurs difficult\u00e9s, questionnements mais aussi le besoin de \u00ab\u00a0coup de main\u00a0\u00bb par exemple lors de la p\u00e9riode de l&#8217;\u00e9t\u00e9, alors que partis en vacances il faut continuer de conduire le rucher, surtout lors de saisons difficiles comme celle de l&#8217;\u00e9t\u00e9 2022.<\/p>\n<h3 style=\"text-align: center;\"><span style=\"color: #ff6600;\"><strong>N&#8217;h\u00e9sitez pas \u00e0 maintenir votre inscription de soutien au Civam Apicole du Gard.<\/strong><\/span><\/h3>\n<p>Les cours vous sont ouverts pour venir \u00e9changer sur votre pratique. C\u2019est gage d&#8217;animation dynamique et d&#8217;interaction entre tous, nouveaux stagiaires, formateurs et vous les apiculteurs \u00ab\u00a0initi\u00e9s\u00a0\u00bb<\/p>\n<p>Une \u00a0adh\u00e9sion de soutien \u00e0 20\u20ac vous permet en outre de continuer \u00e0 b\u00e9n\u00e9ficier des achats group\u00e9s, des r\u00e9ductions chez Icko\u2026<\/p>\n<p>Et naturellement de d\u00e9guster la d\u00e9licieuse pa\u00eblla de Marceau.<\/p>\n<h3 style=\"text-align: center;\"><span style=\"color: #ff6600;\">Dans l\u2019attente de vous revoir\u00a0!<\/span><\/h3>\n","protected":false},"excerpt":{"rendered":"<p>Le &#8220;CDAS&#8221; mais c&#8217;est quoi? Le Comit\u00e9 des Anciens Stagiaires Le Civam Apicole du Gard est une structure d&#8217;initiation \u00e0 l&#8217;apiculture\u00a0 mais c&#8217;est aussi un r\u00e9seau de partage de connaissances, d&#8217;informations . Les membres du Conseil d\u2019Administration souhaiteraient aussi qu\u2019il soit un lieu d&#8217;\u00e9change sur la pratique apicole, l\u2019actualit\u00e9 et les crises que l\u2019apiculture peut &hellip; <a href=\"http:\/\/civamapicole30.fr\/index.php\/creation-du-cdas\/\" class=\"more-link\">Continuer la lecture de <span class=\"screen-reader-text\">Cr\u00e9ation du &#8220;CDAS&#8221;<\/span>  <span class=\"meta-nav\">&rarr;<\/span><\/a><\/p>\n","protected":false},"author":12,"featured_media":0,"parent":0,"menu_order":4,"comment_status":"closed","ping_status":"closed","template":"","meta":{"jetpack_post_was_ever_published":false,"footnotes":""},"class_list":["post-4202","page","type-page","status-publish","hentry"],"jetpack_sharing_enabled":true,"jetpack_shortlink":"https:\/\/wp.me\/P76iwL-15M","jetpack-related-posts":[{"id":48,"url":"http:\/\/civamapicole30.fr\/","url_meta":{"origin":4202,"position":0},"title":"Qui sommes nous ?","author":"CIVAM","date":"17 d\u00e9cembre 2015","format":false,"excerpt":"Les CIVAM (Centres d\u2019initiatives pour valoriser l\u2019agriculture et le milieu rural) sont des groupes d\u2019agriculteurs et de ruraux qui travaillent de mani\u00e8re collective \u00e0 la transition agro\u00e9cologique. Ils constituent un r\u00e9seau de pr\u00e8s de 130 associations qui \u0153uvrent depuis 60 ans pour des campagnes vivantes. La F\u00e9d\u00e9ration R\u00e9gionale des CIVAM\u2026","rel":"","context":"Article similaire","block_context":{"text":"Article similaire","link":""},"img":{"alt_text":"","src":"https:\/\/i0.wp.com\/civamapicole30.fr\/wp-content\/uploads\/2022\/09\/carte-300x249.png?resize=350%2C200","width":350,"height":200},"classes":[]},{"id":35,"url":"http:\/\/civamapicole30.fr\/index.php\/le-civam\/les-statuts-de-lassociation\/","url_meta":{"origin":4202,"position":1},"title":"Les statuts de l&#8217;association","author":"CIVAM","date":"17 d\u00e9cembre 2015","format":false,"excerpt":"\u00a0 STATUTS DU CENTRE D'INFORMATION ET DE \u00a0 \u00a0 \u00a0 \u00a0 \u00a0 \u00a0 \u00a0 \u00a0 \u00a0 \u00a0 \u00a0 \u00a0 \u00a0 \u00a0VULGARISATION AGRICOLES ET \u00a0 \u00a0 \u00a0 \u00a0 \u00a0 \u00a0 \u00a0 \u00a0 \u00a0 \u00a0 \u00a0 \u00a0 \u00a0 \u00a0 \u00a0 \u00a0 \u00a0 \u00a0 \u00a0 \u00a0 \u00a0 \u00a0 \u00a0 \u00a0 \u00a0 \u00a0 \u00a0\u2026","rel":"","context":"Article similaire","block_context":{"text":"Article similaire","link":""},"img":{"alt_text":"","src":"","width":0,"height":0},"classes":[]},{"id":4203,"url":"http:\/\/civamapicole30.fr\/index.php\/rucher-ecole\/4203-2\/","url_meta":{"origin":4202,"position":2},"title":"Adh\u00e9sion de soutien","author":"Sylvette","date":"20 septembre 2022","format":false,"excerpt":"Adh\u00e9sion de soutien\u00a0 de 20 \u20ac pour l'ann\u00e9e 2026 Merci de libeller vos ch\u00e8ques \u00e0 l'ordre du \"Civam Apicole du Gard\" Adh\u00e9sion \u00e0 renvoyer accompagn\u00e9e de votre ch\u00e8que \u00e0: Civam Apicole du Gard Mairie Place de la Mairie\u00a0 30730 Saint Mamert du Gard","rel":"","context":"Article similaire","block_context":{"text":"Article similaire","link":""},"img":{"alt_text":"","src":"","width":0,"height":0},"classes":[]},{"id":4393,"url":"http:\/\/civamapicole30.fr\/index.php\/contacts-2\/contact-president\/","url_meta":{"origin":4202,"position":3},"title":"Contacter le Pr\u00e9sident","author":"CIVAM","date":"11 mars 2024","format":false,"excerpt":"Pour contacter le Pr\u00e9sident du CIVAM Apicole du Gard merci de compl\u00e9ter le formulaire ci-dessous.","rel":"","context":"Article similaire","block_context":{"text":"Article similaire","link":""},"img":{"alt_text":"","src":"","width":0,"height":0},"classes":[]},{"id":4084,"url":"http:\/\/civamapicole30.fr\/index.php\/rucher-ecole\/reglementation\/","url_meta":{"origin":4202,"position":4},"title":"R\u00e9glementation","author":"Sylvette","date":"15 septembre 2022","format":false,"excerpt":"","rel":"","context":"Article similaire","block_context":{"text":"Article similaire","link":""},"img":{"alt_text":"","src":"https:\/\/i0.wp.com\/civamapicole30.fr\/wp-content\/uploads\/2022\/09\/UNAF-LOGO_RVB-2014-petit-3.jpg?resize=350%2C200","width":350,"height":200},"classes":[]},{"id":46,"url":"http:\/\/civamapicole30.fr\/index.php\/le-civam\/reglement-interieur\/","url_meta":{"origin":4202,"position":5},"title":"R\u00e8glement int\u00e9rieur","author":"CIVAM","date":"17 d\u00e9cembre 2015","format":false,"excerpt":"REGLEMENT INTERIEUR CIVAM apicole du GARD Conform\u00e9ment \u00e0 l'article 14 des statuts, ce r\u00e8glement est destin\u00e9 \u00e0 fixer les divers points non pr\u00e9vus par les statuts, notamment ceux qui ont trait \u00e0 l'administration interne de l'Association. Il pr\u00e9cise son mode de fonctionnement et ce, de fa\u00e7on \u00e0 ce que les\u2026","rel":"","context":"Article similaire","block_context":{"text":"Article similaire","link":""},"img":{"alt_text":"","src":"","width":0,"height":0},"classes":[]}],"_links":{"self":[{"href":"http:\/\/civamapicole30.fr\/index.php\/wp-json\/wp\/v2\/pages\/4202","targetHints":{"allow":["GET"]}}],"collection":[{"href":"http:\/\/civamapicole30.fr\/index.php\/wp-json\/wp\/v2\/pages"}],"about":[{"href":"http:\/\/civamapicole30.fr\/index.php\/wp-json\/wp\/v2\/types\/page"}],"author":[{"embeddable":true,"href":"http:\/\/civamapicole30.fr\/index.php\/wp-json\/wp\/v2\/users\/12"}],"replies":[{"embeddable":true,"href":"http:\/\/civamapicole30.fr\/index.php\/wp-json\/wp\/v2\/comments?post=4202"}],"version-history":[{"count":4,"href":"http:\/\/civamapicole30.fr\/index.php\/wp-json\/wp\/v2\/pages\/4202\/revisions"}],"predecessor-version":[{"id":4540,"href":"http:\/\/civamapicole30.fr\/index.php\/wp-json\/wp\/v2\/pages\/4202\/revisions\/4540"}],"wp:attachment":[{"href":"http:\/\/civamapicole30.fr\/index.php\/wp-json\/wp\/v2\/media?parent=4202"}],"curies":[{"name":"wp","href":"https:\/\/api.w.org\/{rel}","templated":true}]}}